{"id":8907,"date":"2025-09-03T11:02:59","date_gmt":"2025-09-03T11:02:59","guid":{"rendered":"https:\/\/aramiso-test.verteco.app\/?product=pojazdove-koliesko-komplet-v-zn-d80-cierne"},"modified":"2025-09-03T11:02:59","modified_gmt":"2025-09-03T11:02:59","slug":"pojazdove-koliesko-komplet-v-zn-d80-cierne","status":"publish","type":"product","link":"https:\/\/aramiso-test.verteco.app\/?product=pojazdove-koliesko-komplet-v-zn-d80-cierne","title":{"rendered":"Pojazdov\u00e9 koliesko komplet &#8211; V, Zn, D80, \u010dierne"},"content":{"rendered":"","protected":false},"excerpt":{"rendered":"<p>Materi\u00e1l: Oce\u013e, Povrchov\u00e1 \u00faprava: Zinok, Zna\u010dka: Umakov, Hmotnos\u0165 br\u00e1ny Gmax\/Goptimal (kg): 250, Vzh\u013ead: \u010cierna RAL 9005, H: 37, h: 28, Phi: 78, c: 34, a: 20, b: 135, s: 112<\/p>\n","protected":false},"featured_media":0,"comment_status":"closed","ping_status":"open","template":"","meta":[],"product_brand":[],"product_cat":[15],"product_tag":[],"class_list":{"0":"post-8907","1":"product","2":"type-product","3":"status-publish","5":"product_cat-uncategorized","7":"first","8":"instock","9":"sale","10":"purchasable","11":"product-type-simple"},"_links":{"self":[{"href":"https:\/\/aramiso-test.verteco.app\/index.php?rest_route=\/wp\/v2\/product\/8907","targetHints":{"allow":["GET"]}}],"collection":[{"href":"https:\/\/aramiso-test.verteco.app\/index.php?rest_route=\/wp\/v2\/product"}],"about":[{"href":"https:\/\/aramiso-test.verteco.app\/index.php?rest_route=\/wp\/v2\/types\/product"}],"replies":[{"embeddable":true,"href":"https:\/\/aramiso-test.verteco.app\/index.php?rest_route=%2Fwp%2Fv2%2Fcomments&post=8907"}],"wp:attachment":[{"href":"https:\/\/aramiso-test.verteco.app\/index.php?rest_route=%2Fwp%2Fv2%2Fmedia&parent=8907"}],"wp:term":[{"taxonomy":"product_brand","embeddable":true,"href":"https:\/\/aramiso-test.verteco.app\/index.php?rest_route=%2Fwp%2Fv2%2Fproduct_brand&post=8907"},{"taxonomy":"product_cat","embeddable":true,"href":"https:\/\/aramiso-test.verteco.app\/index.php?rest_route=%2Fwp%2Fv2%2Fproduct_cat&post=8907"},{"taxonomy":"product_tag","embeddable":true,"href":"https:\/\/aramiso-test.verteco.app\/index.php?rest_route=%2Fwp%2Fv2%2Fproduct_tag&post=8907"}],"curies":[{"name":"wp","href":"https:\/\/api.w.org\/{rel}","templated":true}]}}