{"id":8841,"date":"2025-08-03T11:44:03","date_gmt":"2025-08-03T11:44:03","guid":{"rendered":"https:\/\/aramiso-test.verteco.app\/?product=kryt-pvc-pre-nylonove-voziky"},"modified":"2025-08-03T11:44:07","modified_gmt":"2025-08-03T11:44:07","slug":"kryt-pvc-pre-nylonove-voziky","status":"publish","type":"product","link":"https:\/\/aramiso-test.verteco.app\/?product=kryt-pvc-pre-nylonove-voziky","title":{"rendered":"Kryt PVC pre NYLONOV\u00c9 voz\u00edky"},"content":{"rendered":"","protected":false},"excerpt":{"rendered":"<p>Materi\u00e1l: Plast<\/p>\n","protected":false},"featured_media":0,"comment_status":"closed","ping_status":"open","template":"","meta":[],"product_brand":[],"product_cat":[15],"product_tag":[],"class_list":{"0":"post-8841","1":"product","2":"type-product","3":"status-publish","5":"product_cat-uncategorized","7":"first","8":"instock","9":"sale","10":"purchasable","11":"product-type-simple"},"_links":{"self":[{"href":"https:\/\/aramiso-test.verteco.app\/index.php?rest_route=\/wp\/v2\/product\/8841","targetHints":{"allow":["GET"]}}],"collection":[{"href":"https:\/\/aramiso-test.verteco.app\/index.php?rest_route=\/wp\/v2\/product"}],"about":[{"href":"https:\/\/aramiso-test.verteco.app\/index.php?rest_route=\/wp\/v2\/types\/product"}],"replies":[{"embeddable":true,"href":"https:\/\/aramiso-test.verteco.app\/index.php?rest_route=%2Fwp%2Fv2%2Fcomments&post=8841"}],"wp:attachment":[{"href":"https:\/\/aramiso-test.verteco.app\/index.php?rest_route=%2Fwp%2Fv2%2Fmedia&parent=8841"}],"wp:term":[{"taxonomy":"product_brand","embeddable":true,"href":"https:\/\/aramiso-test.verteco.app\/index.php?rest_route=%2Fwp%2Fv2%2Fproduct_brand&post=8841"},{"taxonomy":"product_cat","embeddable":true,"href":"https:\/\/aramiso-test.verteco.app\/index.php?rest_route=%2Fwp%2Fv2%2Fproduct_cat&post=8841"},{"taxonomy":"product_tag","embeddable":true,"href":"https:\/\/aramiso-test.verteco.app\/index.php?rest_route=%2Fwp%2Fv2%2Fproduct_tag&post=8841"}],"curies":[{"name":"wp","href":"https:\/\/api.w.org\/{rel}","templated":true}]}}