{"id":8838,"date":"2025-08-03T11:44:03","date_gmt":"2025-08-03T11:44:03","guid":{"rendered":"https:\/\/aramiso-test.verteco.app\/?product=vedenie-spodne-eco-profile-70x70mm"},"modified":"2025-08-03T11:44:05","modified_gmt":"2025-08-03T11:44:05","slug":"vedenie-spodne-eco-profile-70x70mm","status":"publish","type":"product","link":"https:\/\/aramiso-test.verteco.app\/?product=vedenie-spodne-eco-profile-70x70mm","title":{"rendered":"Vedenie spodn\u00e9 &#8211; ECO profile 70x70mm"},"content":{"rendered":"<p>Zostava spodn\u00e9ho vedenia pre br\u00e1ny do 4,5 m\/225 kg. Komponenty s\u00fa \u017eiarovo zinkovan\u00e9. Ur\u010den\u00e9 pre profil H\/02-70&#215;70&#8230; Zostava bez profilu.<\/p>\n","protected":false},"excerpt":{"rendered":"<p>Materi\u00e1l: Oce\u013e, Povrchov\u00e1 \u00faprava: Zinok, Zna\u010dka: Umakov, Rozmerov\u00e1 rada (mm): 70&#215;70<\/p>\n","protected":false},"featured_media":0,"comment_status":"closed","ping_status":"open","template":"","meta":[],"product_brand":[],"product_cat":[15],"product_tag":[],"class_list":{"0":"post-8838","1":"product","2":"type-product","3":"status-publish","5":"product_cat-uncategorized","7":"first","8":"onbackorder","9":"sale","10":"purchasable","11":"product-type-simple"},"_links":{"self":[{"href":"https:\/\/aramiso-test.verteco.app\/index.php?rest_route=\/wp\/v2\/product\/8838","targetHints":{"allow":["GET"]}}],"collection":[{"href":"https:\/\/aramiso-test.verteco.app\/index.php?rest_route=\/wp\/v2\/product"}],"about":[{"href":"https:\/\/aramiso-test.verteco.app\/index.php?rest_route=\/wp\/v2\/types\/product"}],"replies":[{"embeddable":true,"href":"https:\/\/aramiso-test.verteco.app\/index.php?rest_route=%2Fwp%2Fv2%2Fcomments&post=8838"}],"wp:attachment":[{"href":"https:\/\/aramiso-test.verteco.app\/index.php?rest_route=%2Fwp%2Fv2%2Fmedia&parent=8838"}],"wp:term":[{"taxonomy":"product_brand","embeddable":true,"href":"https:\/\/aramiso-test.verteco.app\/index.php?rest_route=%2Fwp%2Fv2%2Fproduct_brand&post=8838"},{"taxonomy":"product_cat","embeddable":true,"href":"https:\/\/aramiso-test.verteco.app\/index.php?rest_route=%2Fwp%2Fv2%2Fproduct_cat&post=8838"},{"taxonomy":"product_tag","embeddable":true,"href":"https:\/\/aramiso-test.verteco.app\/index.php?rest_route=%2Fwp%2Fv2%2Fproduct_tag&post=8838"}],"curies":[{"name":"wp","href":"https:\/\/api.w.org\/{rel}","templated":true}]}}