{"id":8801,"date":"2025-10-26T12:16:02","date_gmt":"2025-10-26T12:16:02","guid":{"rendered":"https:\/\/aramiso-test.verteco.app\/?product=tesnenie-na-drziak-skla-36"},"modified":"2025-10-26T12:16:04","modified_gmt":"2025-10-26T12:16:04","slug":"tesnenie-na-drziak-skla-36","status":"publish","type":"product","link":"https:\/\/aramiso-test.verteco.app\/?product=tesnenie-na-drziak-skla-36","title":{"rendered":"Tesnenie na dr\u017eiak skla"},"content":{"rendered":"<p>Tesnenie na dr\u017eiak skla k modelu 21X. Potrebn\u00e9 2ks pre jeden dr\u017eiak skla.<\/p>\n","protected":false},"excerpt":{"rendered":"<p>Materi\u00e1l: Guma, Povrchov\u00e1 \u00faprava: Natural, Glass t: 8,76, Vzh\u013ead: \u010cierna, Model: Model 21X<\/p>\n","protected":false},"featured_media":0,"comment_status":"closed","ping_status":"open","template":"","meta":[],"product_brand":[],"product_cat":[15],"product_tag":[],"class_list":{"0":"post-8801","1":"product","2":"type-product","3":"status-publish","5":"product_cat-uncategorized","7":"first","8":"onbackorder","9":"sale","10":"purchasable","11":"product-type-simple"},"_links":{"self":[{"href":"https:\/\/aramiso-test.verteco.app\/index.php?rest_route=\/wp\/v2\/product\/8801","targetHints":{"allow":["GET"]}}],"collection":[{"href":"https:\/\/aramiso-test.verteco.app\/index.php?rest_route=\/wp\/v2\/product"}],"about":[{"href":"https:\/\/aramiso-test.verteco.app\/index.php?rest_route=\/wp\/v2\/types\/product"}],"replies":[{"embeddable":true,"href":"https:\/\/aramiso-test.verteco.app\/index.php?rest_route=%2Fwp%2Fv2%2Fcomments&post=8801"}],"wp:attachment":[{"href":"https:\/\/aramiso-test.verteco.app\/index.php?rest_route=%2Fwp%2Fv2%2Fmedia&parent=8801"}],"wp:term":[{"taxonomy":"product_brand","embeddable":true,"href":"https:\/\/aramiso-test.verteco.app\/index.php?rest_route=%2Fwp%2Fv2%2Fproduct_brand&post=8801"},{"taxonomy":"product_cat","embeddable":true,"href":"https:\/\/aramiso-test.verteco.app\/index.php?rest_route=%2Fwp%2Fv2%2Fproduct_cat&post=8801"},{"taxonomy":"product_tag","embeddable":true,"href":"https:\/\/aramiso-test.verteco.app\/index.php?rest_route=%2Fwp%2Fv2%2Fproduct_tag&post=8801"}],"curies":[{"name":"wp","href":"https:\/\/api.w.org\/{rel}","templated":true}]}}