{"id":8786,"date":"2025-08-03T11:42:18","date_gmt":"2025-08-03T11:42:18","guid":{"rendered":"https:\/\/aramiso-test.verteco.app\/?product=tesnenie-na-drziak-skla-29"},"modified":"2025-08-03T11:42:27","modified_gmt":"2025-08-03T11:42:27","slug":"tesnenie-na-drziak-skla-29","status":"publish","type":"product","link":"https:\/\/aramiso-test.verteco.app\/?product=tesnenie-na-drziak-skla-29","title":{"rendered":"Tesnenie na dr\u017eiak skla"},"content":{"rendered":"<p>Tesnenie na dr\u017eiak skla je kon\u0161truk\u010dn\u00fd prvok pou\u017e\u00edvan\u00fd na upevnenie a utesnenie sklenen\u00e9ho panelu do dr\u017eiaka. Tento prvok m\u00e1 za \u00falohu zabezpe\u010di\u0165 stabiln\u00e9 dr\u017eanie skla a z\u00e1rove\u0148 zabr\u00e1ni\u0165 pr\u00edpadn\u00e9mu pos\u00favaniu, klzkosti alebo po\u0161kodeniu sklenen\u00e9ho panelu, taktie\u017e zabra\u0148uje vniknutiu ne\u010dist\u00f4t do priestoru medzi panelom a dr\u017eiakom. Pri v\u00fdbere tesnenia je d\u00f4le\u017eit\u00e9 zoh\u013eadni\u0165 jeho kompatibilitu s materi\u00e1lmi, rozmery a po\u017eiadavky na tesnos\u0165. Toto tesnenie je kompatibiln\u00e9 s modelom 2300, 230P a s modelom 23KP. Pre jeden dr\u017eiak skla s\u00fa potrebn\u00e9 2ks tesnen\u00ed.<\/p>\n","protected":false},"excerpt":{"rendered":"<p>Materi\u00e1l: Guma, Povrchov\u00e1 \u00faprava: Natural, Glass t: 10,76\/12,76, Model: Model 2300\/Model 23KP, Vzh\u013ead: \u010cierna, Model: Model 230P<\/p>\n","protected":false},"featured_media":0,"comment_status":"closed","ping_status":"open","template":"","meta":[],"product_brand":[],"product_cat":[15],"product_tag":[],"class_list":{"0":"post-8786","1":"product","2":"type-product","3":"status-publish","5":"product_cat-uncategorized","7":"first","8":"onbackorder","9":"sale","10":"purchasable","11":"product-type-simple"},"_links":{"self":[{"href":"https:\/\/aramiso-test.verteco.app\/index.php?rest_route=\/wp\/v2\/product\/8786","targetHints":{"allow":["GET"]}}],"collection":[{"href":"https:\/\/aramiso-test.verteco.app\/index.php?rest_route=\/wp\/v2\/product"}],"about":[{"href":"https:\/\/aramiso-test.verteco.app\/index.php?rest_route=\/wp\/v2\/types\/product"}],"replies":[{"embeddable":true,"href":"https:\/\/aramiso-test.verteco.app\/index.php?rest_route=%2Fwp%2Fv2%2Fcomments&post=8786"}],"wp:attachment":[{"href":"https:\/\/aramiso-test.verteco.app\/index.php?rest_route=%2Fwp%2Fv2%2Fmedia&parent=8786"}],"wp:term":[{"taxonomy":"product_brand","embeddable":true,"href":"https:\/\/aramiso-test.verteco.app\/index.php?rest_route=%2Fwp%2Fv2%2Fproduct_brand&post=8786"},{"taxonomy":"product_cat","embeddable":true,"href":"https:\/\/aramiso-test.verteco.app\/index.php?rest_route=%2Fwp%2Fv2%2Fproduct_cat&post=8786"},{"taxonomy":"product_tag","embeddable":true,"href":"https:\/\/aramiso-test.verteco.app\/index.php?rest_route=%2Fwp%2Fv2%2Fproduct_tag&post=8786"}],"curies":[{"name":"wp","href":"https:\/\/api.w.org\/{rel}","templated":true}]}}