{"id":8779,"date":"2025-10-26T12:14:58","date_gmt":"2025-10-26T12:14:58","guid":{"rendered":"https:\/\/aramiso-test.verteco.app\/?product=drziak-skla-zabradlie-6"},"modified":"2025-10-26T12:15:01","modified_gmt":"2025-10-26T12:15:01","slug":"drziak-skla-zabradlie-6","status":"publish","type":"product","link":"https:\/\/aramiso-test.verteco.app\/?product=drziak-skla-zabradlie-6","title":{"rendered":"Dr\u017eiak skla, z\u00e1bradlie"},"content":{"rendered":"<p>Dr\u017eiak v\u00fdplne skla (plechu, tabu\u013eovej v\u00fdplne).<br \/>\nDr\u017eanie v\u00fdplne (poistenie vo\u010di vypadnutiu) je dosiahnut\u00e9 prostredn\u00edctvom zvern\u00e9ho spoja (doporu\u010den\u00e9 pou\u017eitie pri vrchnom kotveni) alebo zvern\u00e9ho spoja + kolika (doporu\u010den\u00e9 pou\u017eitie pre bo\u010dne kotvenie) alebo zvern\u00e9ho spoja + bezpe\u010dnostnej platni\u010dky (doporu\u010den\u00e9 pou\u017eitie pre bo\u010dn\u00e9 kotvenie).<br \/>\nDr\u017eiak neobsahuje tesnenie (n\u00fatnos\u0165 dokupi\u0165 2ks tesneni pod\u013ea hr\u00fabky skla) a krytky pre skrutky.<\/p>\n","protected":false},"excerpt":{"rendered":"<p>Materi\u00e1l: Nerez AISI 304, Povrchov\u00e1 \u00faprava: Brus, V\u00fdpl\u0148: Sklo+Plech, Glass t: 6\/6,76\/8\/8,76\/10\/10,76\/1,5\/2\/3\/4\/5, St\u013apik: D42,4, Model: Model 230P<\/p>\n","protected":false},"featured_media":0,"comment_status":"closed","ping_status":"open","template":"","meta":[],"product_brand":[],"product_cat":[15],"product_tag":[],"class_list":{"0":"post-8779","1":"product","2":"type-product","3":"status-publish","5":"product_cat-uncategorized","7":"first","8":"onbackorder","9":"sale","10":"purchasable","11":"product-type-simple"},"_links":{"self":[{"href":"https:\/\/aramiso-test.verteco.app\/index.php?rest_route=\/wp\/v2\/product\/8779","targetHints":{"allow":["GET"]}}],"collection":[{"href":"https:\/\/aramiso-test.verteco.app\/index.php?rest_route=\/wp\/v2\/product"}],"about":[{"href":"https:\/\/aramiso-test.verteco.app\/index.php?rest_route=\/wp\/v2\/types\/product"}],"replies":[{"embeddable":true,"href":"https:\/\/aramiso-test.verteco.app\/index.php?rest_route=%2Fwp%2Fv2%2Fcomments&post=8779"}],"wp:attachment":[{"href":"https:\/\/aramiso-test.verteco.app\/index.php?rest_route=%2Fwp%2Fv2%2Fmedia&parent=8779"}],"wp:term":[{"taxonomy":"product_brand","embeddable":true,"href":"https:\/\/aramiso-test.verteco.app\/index.php?rest_route=%2Fwp%2Fv2%2Fproduct_brand&post=8779"},{"taxonomy":"product_cat","embeddable":true,"href":"https:\/\/aramiso-test.verteco.app\/index.php?rest_route=%2Fwp%2Fv2%2Fproduct_cat&post=8779"},{"taxonomy":"product_tag","embeddable":true,"href":"https:\/\/aramiso-test.verteco.app\/index.php?rest_route=%2Fwp%2Fv2%2Fproduct_tag&post=8779"}],"curies":[{"name":"wp","href":"https:\/\/api.w.org\/{rel}","templated":true}]}}