{"id":8764,"date":"2025-10-26T12:14:52","date_gmt":"2025-10-26T12:14:52","guid":{"rendered":"https:\/\/aramiso-test.verteco.app\/?product=drziak-skla-set-6"},"modified":"2025-10-26T12:14:53","modified_gmt":"2025-10-26T12:14:53","slug":"drziak-skla-set-6","status":"publish","type":"product","link":"https:\/\/aramiso-test.verteco.app\/?product=drziak-skla-set-6","title":{"rendered":"Dr\u017eiak skla &#8211; set"},"content":{"rendered":"<p>Dr\u017eiak sklenenej (plechovej, tabu\u013eovej) v\u00fdplne je kon\u0161truk\u010dn\u00fd prvok pou\u017e\u00edvan\u00fd na upevnenie a stabiliz\u00e1ciu sklenenej alebo plechovej v\u00fdplne v r\u00f4znych kon\u0161trukci\u00e1ch, ako s\u00fa z\u00e1bradlia, balk\u00f3ny alebo schodisk\u00e1. Tento dr\u017eiak zais\u0165uje pevn\u00e9 a bezpe\u010dn\u00e9 prichytenie v\u00fdplne, \u010d\u00edm zvy\u0161uje celkov\u00fa stabilitu a bezpe\u010dnos\u0165 kon\u0161trukcie. S\u00fa s\u00fa\u010das\u0165ou modern\u00fdch architektonick\u00fdch rie\u0161en\u00ed, ktor\u00e9 kombinuj\u00fa funk\u010dnos\u0165, bezpe\u010dnos\u0165 a estetick\u00fd vzh\u013ead. Pri v\u00fdbere dr\u017eiaka je d\u00f4le\u017eit\u00e9 zv\u00e1\u017ei\u0165 jeho materi\u00e1l, dizajn, funk\u010dnos\u0165 a kompatibilitu s konkr\u00e9tnou v\u00fdpl\u0148ou a celkovou kon\u0161trukciou. Dr\u017eanie vyplne &#8211; poistenie vo\u010di vypadnutiu je dosiahnut\u00e9 pomocou zvern\u00e9ho spoja (doporu\u010den\u00e9 pou\u017eitie pri vrchnom kotveni) alebo zverny spoj + kolik (doporu\u010den\u00e9 pou\u017eitie pre bo\u010dne kotvenie)  alebo zverny spoj + bezpe\u010dnostn\u00e1 platnicka (doporucene pouzitie pre bocne kotvenie).  Dr\u017eiak neobsahuje tesnenie (nutnost dokupit 2ks tesneni pre drziak podla hrubky skla).<br \/>\nSET4 obsahuje 4ks drziak skla v rozobratom stave + 8ks skrutky A2 DIN7991 M6x16 + 8ks krytky PVC farba siva na prekrytie skrutiek A2 DIN7991 M6x16 + 4ks skrutky A2 DIN 7380 M8x20.<\/p>\n","protected":false},"excerpt":{"rendered":"<p>Materi\u00e1l: Nerez AISI 304, Povrchov\u00e1 \u00faprava: Brus, V\u00fdpl\u0148: Sklo+Plech, Glass t: 6\/6,76\/8\/8,76\/10\/10,76\/1,5\/2\/3\/4\/5, St\u013apik: D42,4, Model: Model 230P<\/p>\n","protected":false},"featured_media":0,"comment_status":"closed","ping_status":"open","template":"","meta":[],"product_brand":[],"product_cat":[15],"product_tag":[],"class_list":{"0":"post-8764","1":"product","2":"type-product","3":"status-publish","5":"product_cat-uncategorized","7":"first","8":"onbackorder","9":"sale","10":"purchasable","11":"product-type-simple"},"_links":{"self":[{"href":"https:\/\/aramiso-test.verteco.app\/index.php?rest_route=\/wp\/v2\/product\/8764","targetHints":{"allow":["GET"]}}],"collection":[{"href":"https:\/\/aramiso-test.verteco.app\/index.php?rest_route=\/wp\/v2\/product"}],"about":[{"href":"https:\/\/aramiso-test.verteco.app\/index.php?rest_route=\/wp\/v2\/types\/product"}],"replies":[{"embeddable":true,"href":"https:\/\/aramiso-test.verteco.app\/index.php?rest_route=%2Fwp%2Fv2%2Fcomments&post=8764"}],"wp:attachment":[{"href":"https:\/\/aramiso-test.verteco.app\/index.php?rest_route=%2Fwp%2Fv2%2Fmedia&parent=8764"}],"wp:term":[{"taxonomy":"product_brand","embeddable":true,"href":"https:\/\/aramiso-test.verteco.app\/index.php?rest_route=%2Fwp%2Fv2%2Fproduct_brand&post=8764"},{"taxonomy":"product_cat","embeddable":true,"href":"https:\/\/aramiso-test.verteco.app\/index.php?rest_route=%2Fwp%2Fv2%2Fproduct_cat&post=8764"},{"taxonomy":"product_tag","embeddable":true,"href":"https:\/\/aramiso-test.verteco.app\/index.php?rest_route=%2Fwp%2Fv2%2Fproduct_tag&post=8764"}],"curies":[{"name":"wp","href":"https:\/\/api.w.org\/{rel}","templated":true}]}}