{"id":8726,"date":"2025-10-26T12:14:29","date_gmt":"2025-10-26T12:14:29","guid":{"rendered":"https:\/\/aramiso-test.verteco.app\/?product=drevene-madlo-dub-a-nerezove-drziaky-l1600mm"},"modified":"2025-10-26T12:14:34","modified_gmt":"2025-10-26T12:14:34","slug":"drevene-madlo-dub-a-nerezove-drziaky-l1600mm","status":"publish","type":"product","link":"https:\/\/aramiso-test.verteco.app\/?product=drevene-madlo-dub-a-nerezove-drziaky-l1600mm","title":{"rendered":"Dreven\u00e9 madlo DUB a nerezov\u00e9 dr\u017eiaky, L1600mm"},"content":{"rendered":"<p>Dreven\u00e9 madlo z duba s nerezov\u00fdmi dr\u017eiakmi \u2013 elegancia a bezpe\u010dnos\u0165 v jednom.<br \/>\nDodajte svojmu interi\u00e9ru \u0161t\u00fdl a funk\u010dnos\u0165 s t\u00fdmto kvalitn\u00fdm madlom vyroben\u00fdm z mas\u00edvneho dubov\u00e9ho dreva v kombin\u00e1cii s odoln\u00fdmi nerezov\u00fdmi dr\u017eiakmi. Ide\u00e1lne rie\u0161enie pre chodby, schodisk\u00e1 \u010di priestory, kde je potrebn\u00e1 opora a bezpe\u010dnos\u0165.<br \/>\n<br \/>\nMateri\u00e1ly s\u00fa dod\u00e1van\u00e9 v \u0161tandardn\u00fdch d\u013a\u017ekach, ktor\u00e9 s\u00fa potrebn\u00e9 prisp\u00f4sobi\u0165 re\u00e1lnej stavebnej situ\u00e1cii.<br \/>\n<br \/>\nSet neobsahuje kotviace prvky do steny.<\/p>\n","protected":false},"excerpt":{"rendered":"<p>Materi\u00e1l: Drevo Dub, Povrchov\u00e1 \u00faprava: Natural, L: 1600<\/p>\n","protected":false},"featured_media":0,"comment_status":"closed","ping_status":"open","template":"","meta":[],"product_brand":[],"product_cat":[15],"product_tag":[],"class_list":{"0":"post-8726","1":"product","2":"type-product","3":"status-publish","5":"product_cat-uncategorized","7":"first","8":"instock","9":"sale","10":"purchasable","11":"product-type-simple"},"_links":{"self":[{"href":"https:\/\/aramiso-test.verteco.app\/index.php?rest_route=\/wp\/v2\/product\/8726","targetHints":{"allow":["GET"]}}],"collection":[{"href":"https:\/\/aramiso-test.verteco.app\/index.php?rest_route=\/wp\/v2\/product"}],"about":[{"href":"https:\/\/aramiso-test.verteco.app\/index.php?rest_route=\/wp\/v2\/types\/product"}],"replies":[{"embeddable":true,"href":"https:\/\/aramiso-test.verteco.app\/index.php?rest_route=%2Fwp%2Fv2%2Fcomments&post=8726"}],"wp:attachment":[{"href":"https:\/\/aramiso-test.verteco.app\/index.php?rest_route=%2Fwp%2Fv2%2Fmedia&parent=8726"}],"wp:term":[{"taxonomy":"product_brand","embeddable":true,"href":"https:\/\/aramiso-test.verteco.app\/index.php?rest_route=%2Fwp%2Fv2%2Fproduct_brand&post=8726"},{"taxonomy":"product_cat","embeddable":true,"href":"https:\/\/aramiso-test.verteco.app\/index.php?rest_route=%2Fwp%2Fv2%2Fproduct_cat&post=8726"},{"taxonomy":"product_tag","embeddable":true,"href":"https:\/\/aramiso-test.verteco.app\/index.php?rest_route=%2Fwp%2Fv2%2Fproduct_tag&post=8726"}],"curies":[{"name":"wp","href":"https:\/\/api.w.org\/{rel}","templated":true}]}}