{"id":8714,"date":"2025-10-26T12:14:29","date_gmt":"2025-10-26T12:14:29","guid":{"rendered":"https:\/\/aramiso-test.verteco.app\/?product=madlo-aisi304-d424-l6000mm-lesk"},"modified":"2025-10-26T12:14:29","modified_gmt":"2025-10-26T12:14:29","slug":"madlo-aisi304-d424-l6000mm-lesk","status":"publish","type":"product","link":"https:\/\/aramiso-test.verteco.app\/?product=madlo-aisi304-d424-l6000mm-lesk","title":{"rendered":"Madlo AISI304, D42,4\/L6000mm lesk"},"content":{"rendered":"<p>Materi\u00e1ly s\u00fa dod\u00e1van\u00e9 v \u0161tandardn\u00fdch d\u013a\u017ekach, ktor\u00e9 je potrebn\u00e9 prisp\u00f4sobi\u0165 re\u00e1lnej stavebnej situ\u00e1cii. Mont\u00e1\u017e madla si vy\u017eaduje nav\u0155tanie otvorov a narezanie z\u00e1vitov (A-DRILL-M5). Set neobsahuje kotviaci materi\u00e1l (z\u00e1vitov\u00e9 ty\u010de, pr\u00edp. kombinov\u00e9 skrutky) na prichytenie madiel ku stene!<\/p>\n","protected":false},"excerpt":{"rendered":"<p>Materi\u00e1l: Nerez AISI 304, Povrchov\u00e1 \u00faprava: Lesk, L: 6000, b: 75, H: 50<\/p>\n","protected":false},"featured_media":0,"comment_status":"closed","ping_status":"open","template":"","meta":[],"product_brand":[],"product_cat":[15],"product_tag":[],"class_list":{"0":"post-8714","1":"product","2":"type-product","3":"status-publish","5":"product_cat-uncategorized","7":"first","8":"onbackorder","9":"sale","10":"purchasable","11":"product-type-simple"},"_links":{"self":[{"href":"https:\/\/aramiso-test.verteco.app\/index.php?rest_route=\/wp\/v2\/product\/8714","targetHints":{"allow":["GET"]}}],"collection":[{"href":"https:\/\/aramiso-test.verteco.app\/index.php?rest_route=\/wp\/v2\/product"}],"about":[{"href":"https:\/\/aramiso-test.verteco.app\/index.php?rest_route=\/wp\/v2\/types\/product"}],"replies":[{"embeddable":true,"href":"https:\/\/aramiso-test.verteco.app\/index.php?rest_route=%2Fwp%2Fv2%2Fcomments&post=8714"}],"wp:attachment":[{"href":"https:\/\/aramiso-test.verteco.app\/index.php?rest_route=%2Fwp%2Fv2%2Fmedia&parent=8714"}],"wp:term":[{"taxonomy":"product_brand","embeddable":true,"href":"https:\/\/aramiso-test.verteco.app\/index.php?rest_route=%2Fwp%2Fv2%2Fproduct_brand&post=8714"},{"taxonomy":"product_cat","embeddable":true,"href":"https:\/\/aramiso-test.verteco.app\/index.php?rest_route=%2Fwp%2Fv2%2Fproduct_cat&post=8714"},{"taxonomy":"product_tag","embeddable":true,"href":"https:\/\/aramiso-test.verteco.app\/index.php?rest_route=%2Fwp%2Fv2%2Fproduct_tag&post=8714"}],"curies":[{"name":"wp","href":"https:\/\/api.w.org\/{rel}","templated":true}]}}