{"id":8682,"date":"2025-08-03T11:40:03","date_gmt":"2025-08-03T11:40:03","guid":{"rendered":"https:\/\/aramiso-test.verteco.app\/?product=sklo-ku-kovaniu-al-pr7"},"modified":"2025-08-03T11:40:11","modified_gmt":"2025-08-03T11:40:11","slug":"sklo-ku-kovaniu-al-pr7","status":"publish","type":"product","link":"https:\/\/aramiso-test.verteco.app\/?product=sklo-ku-kovaniu-al-pr7","title":{"rendered":"Sklo ku kovaniu AL\/PR7&#8230;"},"content":{"rendered":"<p>Sklo \u010d\u00edre 8.8.3 kalen\u00e9, lepen\u00e9 VSG\/TVG, PVB f\u00f3lia pre pr\u00edstre\u0161ok AL\/PR7&#8230; zrazen\u00e9 a le\u0161ten\u00e9 hrany.<\/p>\n","protected":false},"excerpt":{"rendered":"<p>Materi\u00e1l: Sklo, Povrchov\u00e1 \u00faprava: Kalen\u00fd, Glass t: 17,14, Vzh\u013ead: \u010c\u00edre, a: 1495, b: 1200, Quality: VSG\/TVG<\/p>\n","protected":false},"featured_media":0,"comment_status":"closed","ping_status":"open","template":"","meta":[],"product_brand":[],"product_cat":[15],"product_tag":[],"class_list":{"0":"post-8682","1":"product","2":"type-product","3":"status-publish","5":"product_cat-uncategorized","7":"first","8":"onbackorder","9":"sale","10":"purchasable","11":"product-type-simple"},"_links":{"self":[{"href":"https:\/\/aramiso-test.verteco.app\/index.php?rest_route=\/wp\/v2\/product\/8682","targetHints":{"allow":["GET"]}}],"collection":[{"href":"https:\/\/aramiso-test.verteco.app\/index.php?rest_route=\/wp\/v2\/product"}],"about":[{"href":"https:\/\/aramiso-test.verteco.app\/index.php?rest_route=\/wp\/v2\/types\/product"}],"replies":[{"embeddable":true,"href":"https:\/\/aramiso-test.verteco.app\/index.php?rest_route=%2Fwp%2Fv2%2Fcomments&post=8682"}],"wp:attachment":[{"href":"https:\/\/aramiso-test.verteco.app\/index.php?rest_route=%2Fwp%2Fv2%2Fmedia&parent=8682"}],"wp:term":[{"taxonomy":"product_brand","embeddable":true,"href":"https:\/\/aramiso-test.verteco.app\/index.php?rest_route=%2Fwp%2Fv2%2Fproduct_brand&post=8682"},{"taxonomy":"product_cat","embeddable":true,"href":"https:\/\/aramiso-test.verteco.app\/index.php?rest_route=%2Fwp%2Fv2%2Fproduct_cat&post=8682"},{"taxonomy":"product_tag","embeddable":true,"href":"https:\/\/aramiso-test.verteco.app\/index.php?rest_route=%2Fwp%2Fv2%2Fproduct_tag&post=8682"}],"curies":[{"name":"wp","href":"https:\/\/api.w.org\/{rel}","templated":true}]}}