{"id":8667,"date":"2025-08-03T11:38:52","date_gmt":"2025-08-03T11:38:52","guid":{"rendered":"https:\/\/aramiso-test.verteco.app\/?product=kufrik-reprezentacny-nerez-k320-aisi-304-512x445"},"modified":"2025-08-03T11:39:02","modified_gmt":"2025-08-03T11:39:02","slug":"kufrik-reprezentacny-nerez-k320-aisi-304-512x445","status":"publish","type":"product","link":"https:\/\/aramiso-test.verteco.app\/?product=kufrik-reprezentacny-nerez-k320-aisi-304-512x445","title":{"rendered":"Kufr\u00edk reprezenta\u010dn\u00fd nerez K320, AISI 304, 512&#215;445"},"content":{"rendered":"<p>Zoznam komponentov v pr\u00edlohe, obal z tvrden\u00e9ho plastu, pevn\u00e1 penov\u00e1 v\u00fdpl\u0148.<\/p>\n","protected":false},"excerpt":{"rendered":"<p>Zna\u010dka: Umakov<\/p>\n","protected":false},"featured_media":0,"comment_status":"closed","ping_status":"open","template":"","meta":[],"product_brand":[],"product_cat":[15],"product_tag":[],"class_list":{"0":"post-8667","1":"product","2":"type-product","3":"status-publish","5":"product_cat-uncategorized","7":"first","8":"onbackorder","9":"sale","10":"purchasable","11":"product-type-simple"},"_links":{"self":[{"href":"https:\/\/aramiso-test.verteco.app\/index.php?rest_route=\/wp\/v2\/product\/8667","targetHints":{"allow":["GET"]}}],"collection":[{"href":"https:\/\/aramiso-test.verteco.app\/index.php?rest_route=\/wp\/v2\/product"}],"about":[{"href":"https:\/\/aramiso-test.verteco.app\/index.php?rest_route=\/wp\/v2\/types\/product"}],"replies":[{"embeddable":true,"href":"https:\/\/aramiso-test.verteco.app\/index.php?rest_route=%2Fwp%2Fv2%2Fcomments&post=8667"}],"wp:attachment":[{"href":"https:\/\/aramiso-test.verteco.app\/index.php?rest_route=%2Fwp%2Fv2%2Fmedia&parent=8667"}],"wp:term":[{"taxonomy":"product_brand","embeddable":true,"href":"https:\/\/aramiso-test.verteco.app\/index.php?rest_route=%2Fwp%2Fv2%2Fproduct_brand&post=8667"},{"taxonomy":"product_cat","embeddable":true,"href":"https:\/\/aramiso-test.verteco.app\/index.php?rest_route=%2Fwp%2Fv2%2Fproduct_cat&post=8667"},{"taxonomy":"product_tag","embeddable":true,"href":"https:\/\/aramiso-test.verteco.app\/index.php?rest_route=%2Fwp%2Fv2%2Fproduct_tag&post=8667"}],"curies":[{"name":"wp","href":"https:\/\/api.w.org\/{rel}","templated":true}]}}