{"id":8648,"date":"2025-08-03T11:38:36","date_gmt":"2025-08-03T11:38:36","guid":{"rendered":"https:\/\/aramiso-test.verteco.app\/?product=schodisko-segment-ns270-349x314x140mm"},"modified":"2025-08-03T11:38:47","modified_gmt":"2025-08-03T11:38:47","slug":"schodisko-segment-ns270-349x314x140mm","status":"publish","type":"product","link":"https:\/\/aramiso-test.verteco.app\/?product=schodisko-segment-ns270-349x314x140mm","title":{"rendered":"Schodisko SEGMENT NS270 349x314x140mm"},"content":{"rendered":"<p>Mont\u00e1\u017en\u00ed segment nastaviteln\u00e1 v\u00fd\u0161ka 160 a\u017e 180mm, \u00fahel nato\u010den\u00ed +- 30\u00b0, h\u013aoubka plechov\u00e9 stupnice Ns 270mm. Doporu\u010den\u00e1 hloubka fin\u00e1ln\u00ed stupnice  Nsn 290mm. Segmenty schodi\u0161t\u00e9 vyroben\u00e9 ze surov\u00e9ho \u017eeleza bez povrchov\u00e9 \u00fapravy. Stupnice nejsou s\u00fa\u010dast\u00ed! <br \/>\n<iframe width=\"560\" height=\"315\" src=\"https:\/\/www.youtube.com\/embed\/glTpykd7QqE\" frameborder=\"0\" allow=\"autoplay; encrypted-media\" allowfullscreen><\/iframe><\/p>\n","protected":false},"excerpt":{"rendered":"<p>Materi\u00e1l: Oce\u013e, Povrchov\u00e1 \u00faprava: Natural, d: 138<\/p>\n","protected":false},"featured_media":0,"comment_status":"closed","ping_status":"open","template":"","meta":[],"product_brand":[],"product_cat":[15],"product_tag":[],"class_list":{"0":"post-8648","1":"product","2":"type-product","3":"status-publish","5":"product_cat-uncategorized","7":"first","8":"onbackorder","9":"sale","10":"purchasable","11":"product-type-simple"},"_links":{"self":[{"href":"https:\/\/aramiso-test.verteco.app\/index.php?rest_route=\/wp\/v2\/product\/8648","targetHints":{"allow":["GET"]}}],"collection":[{"href":"https:\/\/aramiso-test.verteco.app\/index.php?rest_route=\/wp\/v2\/product"}],"about":[{"href":"https:\/\/aramiso-test.verteco.app\/index.php?rest_route=\/wp\/v2\/types\/product"}],"replies":[{"embeddable":true,"href":"https:\/\/aramiso-test.verteco.app\/index.php?rest_route=%2Fwp%2Fv2%2Fcomments&post=8648"}],"wp:attachment":[{"href":"https:\/\/aramiso-test.verteco.app\/index.php?rest_route=%2Fwp%2Fv2%2Fmedia&parent=8648"}],"wp:term":[{"taxonomy":"product_brand","embeddable":true,"href":"https:\/\/aramiso-test.verteco.app\/index.php?rest_route=%2Fwp%2Fv2%2Fproduct_brand&post=8648"},{"taxonomy":"product_cat","embeddable":true,"href":"https:\/\/aramiso-test.verteco.app\/index.php?rest_route=%2Fwp%2Fv2%2Fproduct_cat&post=8648"},{"taxonomy":"product_tag","embeddable":true,"href":"https:\/\/aramiso-test.verteco.app\/index.php?rest_route=%2Fwp%2Fv2%2Fproduct_tag&post=8648"}],"curies":[{"name":"wp","href":"https:\/\/api.w.org\/{rel}","templated":true}]}}