{"id":8645,"date":"2025-10-26T12:13:00","date_gmt":"2025-10-26T12:13:00","guid":{"rendered":"https:\/\/aramiso-test.verteco.app\/?product=schodisko-segment-ns270-vystup-349x278x395mm"},"modified":"2025-10-26T12:13:05","modified_gmt":"2025-10-26T12:13:05","slug":"schodisko-segment-ns270-vystup-349x278x395mm","status":"publish","type":"product","link":"https:\/\/aramiso-test.verteco.app\/?product=schodisko-segment-ns270-vystup-349x278x395mm","title":{"rendered":"Schodisko SEGMENT NS270 v\u00fdstup 349x278x395mm"},"content":{"rendered":"<p>Segmenty schodiska vyroben\u00e9 zo surov\u00e9ho \u017eeleza bez povrchovej \u00fapravy. Stupnice nie s\u00fa s\u00fa\u010das\u0165ou!<\/p>\n","protected":false},"excerpt":{"rendered":"<p>Materi\u00e1l: Oce\u013e, Povrchov\u00e1 \u00faprava: Natural, D: 395, d: 132, h: 350<\/p>\n","protected":false},"featured_media":0,"comment_status":"closed","ping_status":"open","template":"","meta":[],"product_brand":[],"product_cat":[15],"product_tag":[],"class_list":{"0":"post-8645","1":"product","2":"type-product","3":"status-publish","5":"product_cat-uncategorized","7":"first","8":"onbackorder","9":"sale","10":"purchasable","11":"product-type-simple"},"_links":{"self":[{"href":"https:\/\/aramiso-test.verteco.app\/index.php?rest_route=\/wp\/v2\/product\/8645","targetHints":{"allow":["GET"]}}],"collection":[{"href":"https:\/\/aramiso-test.verteco.app\/index.php?rest_route=\/wp\/v2\/product"}],"about":[{"href":"https:\/\/aramiso-test.verteco.app\/index.php?rest_route=\/wp\/v2\/types\/product"}],"replies":[{"embeddable":true,"href":"https:\/\/aramiso-test.verteco.app\/index.php?rest_route=%2Fwp%2Fv2%2Fcomments&post=8645"}],"wp:attachment":[{"href":"https:\/\/aramiso-test.verteco.app\/index.php?rest_route=%2Fwp%2Fv2%2Fmedia&parent=8645"}],"wp:term":[{"taxonomy":"product_brand","embeddable":true,"href":"https:\/\/aramiso-test.verteco.app\/index.php?rest_route=%2Fwp%2Fv2%2Fproduct_brand&post=8645"},{"taxonomy":"product_cat","embeddable":true,"href":"https:\/\/aramiso-test.verteco.app\/index.php?rest_route=%2Fwp%2Fv2%2Fproduct_cat&post=8645"},{"taxonomy":"product_tag","embeddable":true,"href":"https:\/\/aramiso-test.verteco.app\/index.php?rest_route=%2Fwp%2Fv2%2Fproduct_tag&post=8645"}],"curies":[{"name":"wp","href":"https:\/\/api.w.org\/{rel}","templated":true}]}}