{"id":8617,"date":"2025-10-26T12:12:55","date_gmt":"2025-10-26T12:12:55","guid":{"rendered":"https:\/\/aramiso-test.verteco.app\/?product=pristresok-kotvenie-vrchne"},"modified":"2025-10-26T12:12:56","modified_gmt":"2025-10-26T12:12:56","slug":"pristresok-kotvenie-vrchne","status":"publish","type":"product","link":"https:\/\/aramiso-test.verteco.app\/?product=pristresok-kotvenie-vrchne","title":{"rendered":"Pr\u00edstre\u0161ok &#8211; kotvenie vrchn\u00e9"},"content":{"rendered":"<p>Vrchn\u00e9 kotvenie pre pr\u00edstre\u0161ok je kon\u0161truk\u010dn\u00fd prvok, ktor\u00fd ktor\u00fd sl\u00fa\u017ei na ukotvenie pr\u00edstre\u0161ku. Kotvenie do steny je dosiahnut\u00e9 pomocou 2 otvorov a kotviac\u00edch prvkov. Kotvenie je nastavite\u013en\u00e9, \u010do umo\u017e\u0148uje nastavenie sklonu v\u00fdplne.<\/p>\n","protected":false},"excerpt":{"rendered":"<p>Materi\u00e1l: Nerez AISI 316, Povrchov\u00e1 \u00faprava: Brus<\/p>\n","protected":false},"featured_media":0,"comment_status":"closed","ping_status":"open","template":"","meta":[],"product_brand":[],"product_cat":[15],"product_tag":[],"class_list":{"0":"post-8617","1":"product","2":"type-product","3":"status-publish","5":"product_cat-uncategorized","7":"first","8":"onbackorder","9":"sale","10":"purchasable","11":"product-type-simple"},"_links":{"self":[{"href":"https:\/\/aramiso-test.verteco.app\/index.php?rest_route=\/wp\/v2\/product\/8617","targetHints":{"allow":["GET"]}}],"collection":[{"href":"https:\/\/aramiso-test.verteco.app\/index.php?rest_route=\/wp\/v2\/product"}],"about":[{"href":"https:\/\/aramiso-test.verteco.app\/index.php?rest_route=\/wp\/v2\/types\/product"}],"replies":[{"embeddable":true,"href":"https:\/\/aramiso-test.verteco.app\/index.php?rest_route=%2Fwp%2Fv2%2Fcomments&post=8617"}],"wp:attachment":[{"href":"https:\/\/aramiso-test.verteco.app\/index.php?rest_route=%2Fwp%2Fv2%2Fmedia&parent=8617"}],"wp:term":[{"taxonomy":"product_brand","embeddable":true,"href":"https:\/\/aramiso-test.verteco.app\/index.php?rest_route=%2Fwp%2Fv2%2Fproduct_brand&post=8617"},{"taxonomy":"product_cat","embeddable":true,"href":"https:\/\/aramiso-test.verteco.app\/index.php?rest_route=%2Fwp%2Fv2%2Fproduct_cat&post=8617"},{"taxonomy":"product_tag","embeddable":true,"href":"https:\/\/aramiso-test.verteco.app\/index.php?rest_route=%2Fwp%2Fv2%2Fproduct_tag&post=8617"}],"curies":[{"name":"wp","href":"https:\/\/api.w.org\/{rel}","templated":true}]}}