{"id":8616,"date":"2025-08-03T11:38:25","date_gmt":"2025-08-03T11:38:25","guid":{"rendered":"https:\/\/aramiso-test.verteco.app\/?product=pristresok-kotvenie-spodne"},"modified":"2025-08-03T11:38:26","modified_gmt":"2025-08-03T11:38:26","slug":"pristresok-kotvenie-spodne","status":"publish","type":"product","link":"https:\/\/aramiso-test.verteco.app\/?product=pristresok-kotvenie-spodne","title":{"rendered":"Pr\u00edstre\u0161ok &#8211; kotvenie spodn\u00e9"},"content":{"rendered":"<p>Spodn\u00e9 kotvenie pre pr\u00edstre\u0161ok je kon\u0161truk\u010dn\u00fd prvok, ktor\u00fd obsahuje dr\u017eiak na sklo pomocou ktor\u00e9ho je uchyten\u00e9 sklo. Kotvenie do steny je dosiahnut\u00e9 pomocou 2 otvorov a kotviac\u00edch prvkov. Sklenen\u00e1 v\u00fdpl\u0148 je uchyten\u00e1 pomocou zvern\u00e9ho spoja, av\u0161ak pre monta\u017e v\u00fdplne s\u00fa potrebn\u00e9 otvory vo v\u00fdplni. Kotvenie je nastavite\u013en\u00e9, \u010do umo\u017e\u0148uje nastavenie sklonu v\u00fdplne.<\/p>\n","protected":false},"excerpt":{"rendered":"<p>Materi\u00e1l: Nerez AISI 316, Povrchov\u00e1 \u00faprava: Brus<\/p>\n","protected":false},"featured_media":0,"comment_status":"closed","ping_status":"open","template":"","meta":[],"product_brand":[],"product_cat":[15],"product_tag":[],"class_list":{"0":"post-8616","1":"product","2":"type-product","3":"status-publish","5":"product_cat-uncategorized","7":"first","8":"onbackorder","9":"sale","10":"purchasable","11":"product-type-simple"},"_links":{"self":[{"href":"https:\/\/aramiso-test.verteco.app\/index.php?rest_route=\/wp\/v2\/product\/8616","targetHints":{"allow":["GET"]}}],"collection":[{"href":"https:\/\/aramiso-test.verteco.app\/index.php?rest_route=\/wp\/v2\/product"}],"about":[{"href":"https:\/\/aramiso-test.verteco.app\/index.php?rest_route=\/wp\/v2\/types\/product"}],"replies":[{"embeddable":true,"href":"https:\/\/aramiso-test.verteco.app\/index.php?rest_route=%2Fwp%2Fv2%2Fcomments&post=8616"}],"wp:attachment":[{"href":"https:\/\/aramiso-test.verteco.app\/index.php?rest_route=%2Fwp%2Fv2%2Fmedia&parent=8616"}],"wp:term":[{"taxonomy":"product_brand","embeddable":true,"href":"https:\/\/aramiso-test.verteco.app\/index.php?rest_route=%2Fwp%2Fv2%2Fproduct_brand&post=8616"},{"taxonomy":"product_cat","embeddable":true,"href":"https:\/\/aramiso-test.verteco.app\/index.php?rest_route=%2Fwp%2Fv2%2Fproduct_cat&post=8616"},{"taxonomy":"product_tag","embeddable":true,"href":"https:\/\/aramiso-test.verteco.app\/index.php?rest_route=%2Fwp%2Fv2%2Fproduct_tag&post=8616"}],"curies":[{"name":"wp","href":"https:\/\/api.w.org\/{rel}","templated":true}]}}