{"id":8604,"date":"2025-10-26T12:12:44","date_gmt":"2025-10-26T12:12:44","guid":{"rendered":"https:\/\/aramiso-test.verteco.app\/?product=presklena-strieska-140x100-milk"},"modified":"2025-10-26T12:12:48","modified_gmt":"2025-10-26T12:12:48","slug":"presklena-strieska-140x100-milk","status":"publish","type":"product","link":"https:\/\/aramiso-test.verteco.app\/?product=presklena-strieska-140x100-milk","title":{"rendered":"Presklen\u00e1 strie\u0161ka 140&#215;100 MILK"},"content":{"rendered":"<p>Presklen\u00e1 strie\u0161ka s bezpe\u010dnostn\u00fdm sklom GS\/12,76-140&#215;100-milk (miecne, kalen\u00e9+lepen\u00e9). Za\u0165a\u017eenie strie\u0161ky (vlastn\u00e1 v\u00e1ha + sneh) je 4,0kN.<\/p>\n","protected":false},"excerpt":{"rendered":"<p>Materi\u00e1l: Nerez AISI 316, Povrchov\u00e1 \u00faprava: Brus, V\u00fdpl\u0148: Sklo, Glass t: 12,76, Vzh\u013ead: Mlie\u010dne<\/p>\n","protected":false},"featured_media":0,"comment_status":"closed","ping_status":"open","template":"","meta":[],"product_brand":[],"product_cat":[15],"product_tag":[],"class_list":{"0":"post-8604","1":"product","2":"type-product","3":"status-publish","5":"product_cat-uncategorized","7":"first","8":"instock","9":"sale","10":"purchasable","11":"product-type-simple"},"_links":{"self":[{"href":"https:\/\/aramiso-test.verteco.app\/index.php?rest_route=\/wp\/v2\/product\/8604","targetHints":{"allow":["GET"]}}],"collection":[{"href":"https:\/\/aramiso-test.verteco.app\/index.php?rest_route=\/wp\/v2\/product"}],"about":[{"href":"https:\/\/aramiso-test.verteco.app\/index.php?rest_route=\/wp\/v2\/types\/product"}],"replies":[{"embeddable":true,"href":"https:\/\/aramiso-test.verteco.app\/index.php?rest_route=%2Fwp%2Fv2%2Fcomments&post=8604"}],"wp:attachment":[{"href":"https:\/\/aramiso-test.verteco.app\/index.php?rest_route=%2Fwp%2Fv2%2Fmedia&parent=8604"}],"wp:term":[{"taxonomy":"product_brand","embeddable":true,"href":"https:\/\/aramiso-test.verteco.app\/index.php?rest_route=%2Fwp%2Fv2%2Fproduct_brand&post=8604"},{"taxonomy":"product_cat","embeddable":true,"href":"https:\/\/aramiso-test.verteco.app\/index.php?rest_route=%2Fwp%2Fv2%2Fproduct_cat&post=8604"},{"taxonomy":"product_tag","embeddable":true,"href":"https:\/\/aramiso-test.verteco.app\/index.php?rest_route=%2Fwp%2Fv2%2Fproduct_tag&post=8604"}],"curies":[{"name":"wp","href":"https:\/\/api.w.org\/{rel}","templated":true}]}}