{"id":8602,"date":"2025-09-03T11:01:04","date_gmt":"2025-09-03T11:01:04","guid":{"rendered":"https:\/\/aramiso-test.verteco.app\/?product=presklena-strieska-180x120"},"modified":"2025-09-03T11:01:04","modified_gmt":"2025-09-03T11:01:04","slug":"presklena-strieska-180x120","status":"publish","type":"product","link":"https:\/\/aramiso-test.verteco.app\/?product=presklena-strieska-180x120","title":{"rendered":"Presklen\u00e1 strie\u0161ka 180&#215;120"},"content":{"rendered":"<p>Presklen\u00e1 strie\u0161ka s bezpe\u010dnostn\u00fdm sklom GS\/12,76-180&#215;120-clear (\u010d\u00edre, kalen\u00e9+lepen\u00e9). Za\u0165a\u017eenie strie\u0161ky (vlastn\u00e1 v\u00e1ha + sneh) je 4,0kN.<\/p>\n","protected":false},"excerpt":{"rendered":"<p>Materi\u00e1l: Nerez AISI 316, Povrchov\u00e1 \u00faprava: Brus, V\u00fdpl\u0148: Sklo, Glass t: 12,76<\/p>\n","protected":false},"featured_media":0,"comment_status":"closed","ping_status":"open","template":"","meta":[],"product_brand":[],"product_cat":[15],"product_tag":[],"class_list":{"0":"post-8602","1":"product","2":"type-product","3":"status-publish","5":"product_cat-uncategorized","7":"first","8":"onbackorder","9":"sale","10":"purchasable","11":"product-type-simple"},"_links":{"self":[{"href":"https:\/\/aramiso-test.verteco.app\/index.php?rest_route=\/wp\/v2\/product\/8602","targetHints":{"allow":["GET"]}}],"collection":[{"href":"https:\/\/aramiso-test.verteco.app\/index.php?rest_route=\/wp\/v2\/product"}],"about":[{"href":"https:\/\/aramiso-test.verteco.app\/index.php?rest_route=\/wp\/v2\/types\/product"}],"replies":[{"embeddable":true,"href":"https:\/\/aramiso-test.verteco.app\/index.php?rest_route=%2Fwp%2Fv2%2Fcomments&post=8602"}],"wp:attachment":[{"href":"https:\/\/aramiso-test.verteco.app\/index.php?rest_route=%2Fwp%2Fv2%2Fmedia&parent=8602"}],"wp:term":[{"taxonomy":"product_brand","embeddable":true,"href":"https:\/\/aramiso-test.verteco.app\/index.php?rest_route=%2Fwp%2Fv2%2Fproduct_brand&post=8602"},{"taxonomy":"product_cat","embeddable":true,"href":"https:\/\/aramiso-test.verteco.app\/index.php?rest_route=%2Fwp%2Fv2%2Fproduct_cat&post=8602"},{"taxonomy":"product_tag","embeddable":true,"href":"https:\/\/aramiso-test.verteco.app\/index.php?rest_route=%2Fwp%2Fv2%2Fproduct_tag&post=8602"}],"curies":[{"name":"wp","href":"https:\/\/api.w.org\/{rel}","templated":true}]}}