{"id":8598,"date":"2025-08-03T11:38:12","date_gmt":"2025-08-03T11:38:12","guid":{"rendered":"https:\/\/aramiso-test.verteco.app\/?product=vrtak-fdrill-tc-cut-long-3"},"modified":"2025-08-03T11:38:15","modified_gmt":"2025-08-03T11:38:15","slug":"vrtak-fdrill-tc-cut-long-3","status":"publish","type":"product","link":"https:\/\/aramiso-test.verteco.app\/?product=vrtak-fdrill-tc-cut-long-3","title":{"rendered":"Vrt\u00e1k Fdrill, TC CUT\/LONG"},"content":{"rendered":"<p>L41\/d8mm ISO DIN 13<\/p>\n<p>Flowdrill prich\u00e1dza do kontaktu s materi\u00e1lom pomocou relat\u00edvne vysok\u00e9ho axi\u00e1lneho tlaku a r\u00fdchlosti ot\u00e1\u010dania. Generovan\u00e9 teplo rob\u00ed materi\u00e1l dostato\u010dne m\u00e4kk\u00fdm a tv\u00e1rnym, aby sa dal tvarova\u0165 a perforova\u0165.<br \/>\nKe\u010f sa Flowdrill zatla\u010d\u00ed do materi\u00e1lu, \u010das\u0165 vytla\u010den\u00e9ho materi\u00e1lu vytvor\u00ed golier okolo horn\u00e9ho povrchu obrobku.<br \/>\nZvy\u0161ok materi\u00e1lu tvor\u00ed puzdro na spodnom povrchu obrobku. To v\u0161etko sa deje v priebehu nieko\u013ek\u00fdch sek\u00fand. Proces nenar\u00fa\u0161a vn\u00fatorn\u00fa \u0161trukt\u00faru materi\u00e1lu.<br \/>\nV\u00fdsledkom je, \u017ee tvarovan\u00e9 puzdro je pozoruhodne pevn\u00e9 a m\u00f4\u017ee by\u0165 pou\u017eit\u00e9 na ulo\u017eenie puzdier alebo na v\u00fdrobu z\u00e1vitu vo vn\u00fatri.<\/p>\n","protected":false},"excerpt":{"rendered":"<p>Materi\u00e1l: Karbid, L: 41, Pou\u017eitie: V\u0155tanie, d: 8, M: 8&#215;1,25, Phi: 7,3<\/p>\n","protected":false},"featured_media":0,"comment_status":"closed","ping_status":"open","template":"","meta":[],"product_brand":[],"product_cat":[15],"product_tag":[],"class_list":{"0":"post-8598","1":"product","2":"type-product","3":"status-publish","5":"product_cat-uncategorized","7":"first","8":"onbackorder","9":"sale","10":"purchasable","11":"product-type-simple"},"_links":{"self":[{"href":"https:\/\/aramiso-test.verteco.app\/index.php?rest_route=\/wp\/v2\/product\/8598","targetHints":{"allow":["GET"]}}],"collection":[{"href":"https:\/\/aramiso-test.verteco.app\/index.php?rest_route=\/wp\/v2\/product"}],"about":[{"href":"https:\/\/aramiso-test.verteco.app\/index.php?rest_route=\/wp\/v2\/types\/product"}],"replies":[{"embeddable":true,"href":"https:\/\/aramiso-test.verteco.app\/index.php?rest_route=%2Fwp%2Fv2%2Fcomments&post=8598"}],"wp:attachment":[{"href":"https:\/\/aramiso-test.verteco.app\/index.php?rest_route=%2Fwp%2Fv2%2Fmedia&parent=8598"}],"wp:term":[{"taxonomy":"product_brand","embeddable":true,"href":"https:\/\/aramiso-test.verteco.app\/index.php?rest_route=%2Fwp%2Fv2%2Fproduct_brand&post=8598"},{"taxonomy":"product_cat","embeddable":true,"href":"https:\/\/aramiso-test.verteco.app\/index.php?rest_route=%2Fwp%2Fv2%2Fproduct_cat&post=8598"},{"taxonomy":"product_tag","embeddable":true,"href":"https:\/\/aramiso-test.verteco.app\/index.php?rest_route=%2Fwp%2Fv2%2Fproduct_tag&post=8598"}],"curies":[{"name":"wp","href":"https:\/\/api.w.org\/{rel}","templated":true}]}}