{"id":8595,"date":"2025-10-26T12:12:34","date_gmt":"2025-10-26T12:12:34","guid":{"rendered":"https:\/\/aramiso-test.verteco.app\/?product=montazna-sada-pre-nerezove-zabradlie"},"modified":"2025-10-26T12:12:41","modified_gmt":"2025-10-26T12:12:41","slug":"montazna-sada-pre-nerezove-zabradlie","status":"publish","type":"product","link":"https:\/\/aramiso-test.verteco.app\/?product=montazna-sada-pre-nerezove-zabradlie","title":{"rendered":"Mont\u00e1\u017ena sada pre nerezov\u00e9 z\u00e1bradlie"},"content":{"rendered":"<p>Mont\u00e1\u017ena sada obsahuje:<br \/>\n-Lepidlo, glue (green)<br \/>\n-Vrt\u00e1k na nerez kombi, HSS- COBALT<br \/>\n-Kot\u00fa\u010d rezn\u00fd INOX, D125, d22,2 , t1mm<br \/>\n-Kot\u00fa\u010d lamelov\u00fd INOX, D125, d22,2, t7,25 mm, P40<br \/>\n-Runo br\u00fasne &#8211; cidlina 152&#215;229 mm  P360<br \/>\n-Sprej- \u010disti\u010d nerez- WS cleaning spray<\/p>\n","protected":false},"excerpt":{"rendered":"<p>Mont\u00e1\u017ena sada obsahuje: -Lepidlo, glue (green) -Vrt\u00e1k na nerez kombi, HSS- COBALT -Kot\u00fa\u010d rezn\u00fd INOX, D125, d22,2 , t1mm -Kot\u00fa\u010d lamelov\u00fd INOX, D125, d22,2, t7,25 mm, P40 -Runo br\u00fasne &#8211; cidlina 152&#215;229 mm P360 -Sprej- \u010disti\u010d nerez- WS cleaning spray<\/p>\n","protected":false},"featured_media":0,"comment_status":"closed","ping_status":"open","template":"","meta":[],"product_brand":[],"product_cat":[15],"product_tag":[],"class_list":{"0":"post-8595","1":"product","2":"type-product","3":"status-publish","5":"product_cat-uncategorized","7":"first","8":"onbackorder","9":"sale","10":"purchasable","11":"product-type-simple"},"_links":{"self":[{"href":"https:\/\/aramiso-test.verteco.app\/index.php?rest_route=\/wp\/v2\/product\/8595","targetHints":{"allow":["GET"]}}],"collection":[{"href":"https:\/\/aramiso-test.verteco.app\/index.php?rest_route=\/wp\/v2\/product"}],"about":[{"href":"https:\/\/aramiso-test.verteco.app\/index.php?rest_route=\/wp\/v2\/types\/product"}],"replies":[{"embeddable":true,"href":"https:\/\/aramiso-test.verteco.app\/index.php?rest_route=%2Fwp%2Fv2%2Fcomments&post=8595"}],"wp:attachment":[{"href":"https:\/\/aramiso-test.verteco.app\/index.php?rest_route=%2Fwp%2Fv2%2Fmedia&parent=8595"}],"wp:term":[{"taxonomy":"product_brand","embeddable":true,"href":"https:\/\/aramiso-test.verteco.app\/index.php?rest_route=%2Fwp%2Fv2%2Fproduct_brand&post=8595"},{"taxonomy":"product_cat","embeddable":true,"href":"https:\/\/aramiso-test.verteco.app\/index.php?rest_route=%2Fwp%2Fv2%2Fproduct_cat&post=8595"},{"taxonomy":"product_tag","embeddable":true,"href":"https:\/\/aramiso-test.verteco.app\/index.php?rest_route=%2Fwp%2Fv2%2Fproduct_tag&post=8595"}],"curies":[{"name":"wp","href":"https:\/\/api.w.org\/{rel}","templated":true}]}}