{"id":8593,"date":"2025-09-03T11:01:02","date_gmt":"2025-09-03T11:01:02","guid":{"rendered":"https:\/\/aramiso-test.verteco.app\/?product=sprej-cistic-nerez-ws-cleaning-spray-400ml"},"modified":"2025-09-03T11:01:03","modified_gmt":"2025-09-03T11:01:03","slug":"sprej-cistic-nerez-ws-cleaning-spray-400ml","status":"publish","type":"product","link":"https:\/\/aramiso-test.verteco.app\/?product=sprej-cistic-nerez-ws-cleaning-spray-400ml","title":{"rendered":"Sprej- \u010disti\u010d nerez- WS cleaning spray 400ml"},"content":{"rendered":"<p>Sprej na \u010distenie nerezu WS, 400ml \u010dist\u00ed a chr\u00e1ni nerez, vytv\u00e1ra vodoodpudiv\u00fa vrstvu. O\u0161etruj\u00faci sprej WS \u010dist\u00ed a star\u00e1 sa o matn\u00e9 a le\u0161ten\u00e9 povrchy z nehrdzavej\u00facej ocele. Ne\u010distoty ako tuk, olej a odtla\u010dky prstov je mo\u017en\u00e9 \u013eah\u0161ie odstr\u00e1ni\u0165. Sprej zanech\u00e1va tenk\u00fd o\u0161etrovac\u00ed film, ktor\u00fd p\u00f4sob\u00ed proti op\u00e4tovn\u00e9mu zne\u010disteniu.<\/p>\n","protected":false},"excerpt":{"rendered":"<p>Materi\u00e1l: Ch\u00e9mia<\/p>\n","protected":false},"featured_media":0,"comment_status":"closed","ping_status":"open","template":"","meta":[],"product_brand":[],"product_cat":[15],"product_tag":[],"class_list":{"0":"post-8593","1":"product","2":"type-product","3":"status-publish","5":"product_cat-uncategorized","7":"first","8":"onbackorder","9":"sale","10":"purchasable","11":"product-type-simple"},"_links":{"self":[{"href":"https:\/\/aramiso-test.verteco.app\/index.php?rest_route=\/wp\/v2\/product\/8593","targetHints":{"allow":["GET"]}}],"collection":[{"href":"https:\/\/aramiso-test.verteco.app\/index.php?rest_route=\/wp\/v2\/product"}],"about":[{"href":"https:\/\/aramiso-test.verteco.app\/index.php?rest_route=\/wp\/v2\/types\/product"}],"replies":[{"embeddable":true,"href":"https:\/\/aramiso-test.verteco.app\/index.php?rest_route=%2Fwp%2Fv2%2Fcomments&post=8593"}],"wp:attachment":[{"href":"https:\/\/aramiso-test.verteco.app\/index.php?rest_route=%2Fwp%2Fv2%2Fmedia&parent=8593"}],"wp:term":[{"taxonomy":"product_brand","embeddable":true,"href":"https:\/\/aramiso-test.verteco.app\/index.php?rest_route=%2Fwp%2Fv2%2Fproduct_brand&post=8593"},{"taxonomy":"product_cat","embeddable":true,"href":"https:\/\/aramiso-test.verteco.app\/index.php?rest_route=%2Fwp%2Fv2%2Fproduct_cat&post=8593"},{"taxonomy":"product_tag","embeddable":true,"href":"https:\/\/aramiso-test.verteco.app\/index.php?rest_route=%2Fwp%2Fv2%2Fproduct_tag&post=8593"}],"curies":[{"name":"wp","href":"https:\/\/api.w.org\/{rel}","templated":true}]}}