{"id":8592,"date":"2025-08-03T11:38:02","date_gmt":"2025-08-03T11:38:02","guid":{"rendered":"https:\/\/aramiso-test.verteco.app\/?product=cistic-na-nerez-500ml"},"modified":"2025-08-03T11:38:11","modified_gmt":"2025-08-03T11:38:11","slug":"cistic-na-nerez-500ml","status":"publish","type":"product","link":"https:\/\/aramiso-test.verteco.app\/?product=cistic-na-nerez-500ml","title":{"rendered":"\u010cisti\u010d na nerez &#8211; 500ml"},"content":{"rendered":"<p>\u010cisti\u010d s vyv\u00e1\u017een\u00fdm obsahom kysel\u00edn na povrchy z nerezovej ocele.<br \/>\nM\u00e1 siln\u00e9 \u010distiace \u00fa\u010dinky. <br \/>\nNeobsahuje abraz\u00edva.<br \/>\nOdstra\u0148uje ne\u010distoty, \u013eahk\u00e9 zvy\u0161ky olejov, tukov alebo v\u0155tac\u00edch emulzi\u00ed, zvy\u0161ky po obr\u00e1ban\u00ed a \u013eahk\u00fa hrdzu<\/p>\n","protected":false},"excerpt":{"rendered":"<p>Materi\u00e1l: Ch\u00e9mia<\/p>\n","protected":false},"featured_media":0,"comment_status":"closed","ping_status":"open","template":"","meta":[],"product_brand":[],"product_cat":[15],"product_tag":[],"class_list":{"0":"post-8592","1":"product","2":"type-product","3":"status-publish","5":"product_cat-uncategorized","7":"first","8":"onbackorder","9":"sale","10":"purchasable","11":"product-type-simple"},"_links":{"self":[{"href":"https:\/\/aramiso-test.verteco.app\/index.php?rest_route=\/wp\/v2\/product\/8592","targetHints":{"allow":["GET"]}}],"collection":[{"href":"https:\/\/aramiso-test.verteco.app\/index.php?rest_route=\/wp\/v2\/product"}],"about":[{"href":"https:\/\/aramiso-test.verteco.app\/index.php?rest_route=\/wp\/v2\/types\/product"}],"replies":[{"embeddable":true,"href":"https:\/\/aramiso-test.verteco.app\/index.php?rest_route=%2Fwp%2Fv2%2Fcomments&post=8592"}],"wp:attachment":[{"href":"https:\/\/aramiso-test.verteco.app\/index.php?rest_route=%2Fwp%2Fv2%2Fmedia&parent=8592"}],"wp:term":[{"taxonomy":"product_brand","embeddable":true,"href":"https:\/\/aramiso-test.verteco.app\/index.php?rest_route=%2Fwp%2Fv2%2Fproduct_brand&post=8592"},{"taxonomy":"product_cat","embeddable":true,"href":"https:\/\/aramiso-test.verteco.app\/index.php?rest_route=%2Fwp%2Fv2%2Fproduct_cat&post=8592"},{"taxonomy":"product_tag","embeddable":true,"href":"https:\/\/aramiso-test.verteco.app\/index.php?rest_route=%2Fwp%2Fv2%2Fproduct_tag&post=8592"}],"curies":[{"name":"wp","href":"https:\/\/api.w.org\/{rel}","templated":true}]}}