{"id":8591,"date":"2025-10-26T12:12:34","date_gmt":"2025-10-26T12:12:34","guid":{"rendered":"https:\/\/aramiso-test.verteco.app\/?product=hydrofobny-cistic-na-sklo-200ml"},"modified":"2025-10-26T12:12:40","modified_gmt":"2025-10-26T12:12:40","slug":"hydrofobny-cistic-na-sklo-200ml","status":"publish","type":"product","link":"https:\/\/aramiso-test.verteco.app\/?product=hydrofobny-cistic-na-sklo-200ml","title":{"rendered":"Hydrof\u00f3bny \u010disti\u010d na sklo &#8211; 200ml"},"content":{"rendered":"<p>Produkt na ochranu sklenen\u00fdch prvkov pred usadeninami, \u0161kvrnami a in\u00fdmi ne\u010distotami.<br \/>\nN\u00e1ter vznik\u00e1 reakciou pr\u00edpravku s povrchom skla a dod\u00e1va mu hydrof\u00f3bne vlastnosti.<br \/>\nPred za\u010dat\u00edm nan\u00e1\u0161ania n\u00e1teru d\u00f4kladne odstr\u00e1\u0148te v\u0161etky druhy kontamin\u00e1cie z povrchu, ktor\u00fd chcete chr\u00e1ni\u0165. \u010c\u00edm lep\u0161ie sa t\u00e1to \u010dinnos\u0165 vykon\u00e1va, t\u00fdm silnej\u0161ia bude v\u00e4zba nano\u010dast\u00edc s dan\u00fdm materi\u00e1lom. Pr\u00edpravok naneste na odmasten\u00fd, \u010dist\u00fd a such\u00fd povrch. Nanesen\u00fd n\u00e1ter je potrebn\u00e9 chr\u00e1ni\u0165 pred zm\u00e1\u010dan\u00edm minim\u00e1lne 4 hodiny.<br \/>\nPo nanesen\u00ed n\u00e1teru vyle\u0161tite povrchy mikrovl\u00e1knom!<br \/>\nN\u00e1ter zni\u017euje potrebu \u010distenia okien a sklenen\u00fdch fas\u00e1d o polovicu.<\/p>\n","protected":false},"excerpt":{"rendered":"<p>Materi\u00e1l: Ch\u00e9mia<\/p>\n","protected":false},"featured_media":0,"comment_status":"closed","ping_status":"open","template":"","meta":[],"product_brand":[],"product_cat":[15],"product_tag":[],"class_list":{"0":"post-8591","1":"product","2":"type-product","3":"status-publish","5":"product_cat-uncategorized","7":"first","8":"onbackorder","9":"sale","10":"purchasable","11":"product-type-simple"},"_links":{"self":[{"href":"https:\/\/aramiso-test.verteco.app\/index.php?rest_route=\/wp\/v2\/product\/8591","targetHints":{"allow":["GET"]}}],"collection":[{"href":"https:\/\/aramiso-test.verteco.app\/index.php?rest_route=\/wp\/v2\/product"}],"about":[{"href":"https:\/\/aramiso-test.verteco.app\/index.php?rest_route=\/wp\/v2\/types\/product"}],"replies":[{"embeddable":true,"href":"https:\/\/aramiso-test.verteco.app\/index.php?rest_route=%2Fwp%2Fv2%2Fcomments&post=8591"}],"wp:attachment":[{"href":"https:\/\/aramiso-test.verteco.app\/index.php?rest_route=%2Fwp%2Fv2%2Fmedia&parent=8591"}],"wp:term":[{"taxonomy":"product_brand","embeddable":true,"href":"https:\/\/aramiso-test.verteco.app\/index.php?rest_route=%2Fwp%2Fv2%2Fproduct_brand&post=8591"},{"taxonomy":"product_cat","embeddable":true,"href":"https:\/\/aramiso-test.verteco.app\/index.php?rest_route=%2Fwp%2Fv2%2Fproduct_cat&post=8591"},{"taxonomy":"product_tag","embeddable":true,"href":"https:\/\/aramiso-test.verteco.app\/index.php?rest_route=%2Fwp%2Fv2%2Fproduct_tag&post=8591"}],"curies":[{"name":"wp","href":"https:\/\/api.w.org\/{rel}","templated":true}]}}