{"id":8590,"date":"2025-08-03T11:38:02","date_gmt":"2025-08-03T11:38:02","guid":{"rendered":"https:\/\/aramiso-test.verteco.app\/?product=nastavec-na-staticky-zmiesavac-l250mm"},"modified":"2025-08-03T11:38:09","modified_gmt":"2025-08-03T11:38:09","slug":"nastavec-na-staticky-zmiesavac-l250mm","status":"publish","type":"product","link":"https:\/\/aramiso-test.verteco.app\/?product=nastavec-na-staticky-zmiesavac-l250mm","title":{"rendered":"N\u00e1stavec na statick\u00fd zmie\u0161ava\u010d L250mm"},"content":{"rendered":"<p>Ohybn\u00e1 predl\u017eovacia hadi\u010dka zvy\u0161uje dosah statick\u00e9ho zmie\u0161ava\u010da pri injekt\u00e1\u017ei chemickej malty. V\u010faka nemu je mo\u017en\u00e9 aplikova\u0165 injekt\u00e1\u017enu maltu aj do hlbok\u00fdch otvorov, napr. pri dodato\u010dnom vlepovan\u00ed beton\u00e1rskej v\u00fdstu\u017ee.<\/p>\n","protected":false},"excerpt":{"rendered":"<p>Materi\u00e1l: PVC, L: 250<\/p>\n","protected":false},"featured_media":0,"comment_status":"closed","ping_status":"open","template":"","meta":[],"product_brand":[],"product_cat":[15],"product_tag":[],"class_list":{"0":"post-8590","1":"product","2":"type-product","3":"status-publish","5":"product_cat-uncategorized","7":"first","8":"onbackorder","9":"sale","10":"purchasable","11":"product-type-simple"},"_links":{"self":[{"href":"https:\/\/aramiso-test.verteco.app\/index.php?rest_route=\/wp\/v2\/product\/8590","targetHints":{"allow":["GET"]}}],"collection":[{"href":"https:\/\/aramiso-test.verteco.app\/index.php?rest_route=\/wp\/v2\/product"}],"about":[{"href":"https:\/\/aramiso-test.verteco.app\/index.php?rest_route=\/wp\/v2\/types\/product"}],"replies":[{"embeddable":true,"href":"https:\/\/aramiso-test.verteco.app\/index.php?rest_route=%2Fwp%2Fv2%2Fcomments&post=8590"}],"wp:attachment":[{"href":"https:\/\/aramiso-test.verteco.app\/index.php?rest_route=%2Fwp%2Fv2%2Fmedia&parent=8590"}],"wp:term":[{"taxonomy":"product_brand","embeddable":true,"href":"https:\/\/aramiso-test.verteco.app\/index.php?rest_route=%2Fwp%2Fv2%2Fproduct_brand&post=8590"},{"taxonomy":"product_cat","embeddable":true,"href":"https:\/\/aramiso-test.verteco.app\/index.php?rest_route=%2Fwp%2Fv2%2Fproduct_cat&post=8590"},{"taxonomy":"product_tag","embeddable":true,"href":"https:\/\/aramiso-test.verteco.app\/index.php?rest_route=%2Fwp%2Fv2%2Fproduct_tag&post=8590"}],"curies":[{"name":"wp","href":"https:\/\/api.w.org\/{rel}","templated":true}]}}