{"id":8588,"date":"2025-10-26T12:12:34","date_gmt":"2025-10-26T12:12:34","guid":{"rendered":"https:\/\/aramiso-test.verteco.app\/?product=kotva-chemicka-400ml-vinylester"},"modified":"2025-10-26T12:12:37","modified_gmt":"2025-10-26T12:12:37","slug":"kotva-chemicka-400ml-vinylester","status":"publish","type":"product","link":"https:\/\/aramiso-test.verteco.app\/?product=kotva-chemicka-400ml-vinylester","title":{"rendered":"Kotva chemick\u00e1 400ml &#8211; vinylester"},"content":{"rendered":"<p>Dvojzlo\u017ekov\u00e1 vinylester chemick\u00e1 kotva, bez styr\u00e9nu pre kon\u0161truk\u010dn\u00e9 \/ vysok\u00e9 za\u0165a\u017eenie.<br \/>\nETA (Eur\u00f3pske technick\u00e9 pos\u00fadenie) aktualizovan\u00e9 pod\u013ea nariadenia o stavebn\u00fdch v\u00fdrobkoch 305\/2011.<br \/>\nETA-09\/0140: Hodnotenie pod\u013ea EAD-330499 pre bet\u00f3n bez trhl\u00edn, mo\u017enos\u0165 7, pre priemery od M8 do M30 a pre v\u00fdstu\u017ee od 8 mm do 32 mm. Prevedenie pre prasknut\u00fd bet\u00f3n, mo\u017enos\u0165 1, s ty\u010dou M10-M12-M16-M20.<br \/>\nSeizmick\u00e1 kvalifik\u00e1cia pod\u013ea technickej spr\u00e1vy EOTA TR049. V\u00fdrobok je kvalifikovan\u00fd v seizmickej kateg\u00f3rii C1 pre priemery M12-M16-M20 a seizmickej kateg\u00f3rii C2 pre priemery M12-M16. V\u00fdrobok je homologovan\u00fd pre upev\u0148ovacie prvky s premenlivou h\u013abkou ukotvenia, aby projektant z\u00edskal vysok\u00fd stupe\u0148 flexibility. Maxim\u00e1lna h\u013abka kotvenia do dvadsa\u0165n\u00e1sobku menovit\u00e9ho priemeru z\u00e1vitovej ty\u010de.<\/p>\n","protected":false},"excerpt":{"rendered":"<p>Materi\u00e1l: Ch\u00e9mia, Pou\u017eitie: Kotvenie<\/p>\n","protected":false},"featured_media":0,"comment_status":"closed","ping_status":"open","template":"","meta":[],"product_brand":[],"product_cat":[15],"product_tag":[],"class_list":{"0":"post-8588","1":"product","2":"type-product","3":"status-publish","5":"product_cat-uncategorized","7":"first","8":"onbackorder","9":"sale","10":"purchasable","11":"product-type-simple"},"_links":{"self":[{"href":"https:\/\/aramiso-test.verteco.app\/index.php?rest_route=\/wp\/v2\/product\/8588","targetHints":{"allow":["GET"]}}],"collection":[{"href":"https:\/\/aramiso-test.verteco.app\/index.php?rest_route=\/wp\/v2\/product"}],"about":[{"href":"https:\/\/aramiso-test.verteco.app\/index.php?rest_route=\/wp\/v2\/types\/product"}],"replies":[{"embeddable":true,"href":"https:\/\/aramiso-test.verteco.app\/index.php?rest_route=%2Fwp%2Fv2%2Fcomments&post=8588"}],"wp:attachment":[{"href":"https:\/\/aramiso-test.verteco.app\/index.php?rest_route=%2Fwp%2Fv2%2Fmedia&parent=8588"}],"wp:term":[{"taxonomy":"product_brand","embeddable":true,"href":"https:\/\/aramiso-test.verteco.app\/index.php?rest_route=%2Fwp%2Fv2%2Fproduct_brand&post=8588"},{"taxonomy":"product_cat","embeddable":true,"href":"https:\/\/aramiso-test.verteco.app\/index.php?rest_route=%2Fwp%2Fv2%2Fproduct_cat&post=8588"},{"taxonomy":"product_tag","embeddable":true,"href":"https:\/\/aramiso-test.verteco.app\/index.php?rest_route=%2Fwp%2Fv2%2Fproduct_tag&post=8588"}],"curies":[{"name":"wp","href":"https:\/\/api.w.org\/{rel}","templated":true}]}}