{"id":8587,"date":"2025-10-26T12:12:34","date_gmt":"2025-10-26T12:12:34","guid":{"rendered":"https:\/\/aramiso-test.verteco.app\/?product=mamut-glue-high-tack-290ml"},"modified":"2025-10-26T12:12:38","modified_gmt":"2025-10-26T12:12:38","slug":"mamut-glue-high-tack-290ml","status":"publish","type":"product","link":"https:\/\/aramiso-test.verteco.app\/?product=mamut-glue-high-tack-290ml","title":{"rendered":"MAMUT GLUE High Tack, 290ml"},"content":{"rendered":"<p>Modern\u00e9 jednozlo\u017ekov\u00e9 lepidlo, na b\u00e1ze MS polym\u00e9ru s okam\u017eitou fix\u00e1ciou a mimoriadne vysokou po\u010diato\u010dnou pri\u013enavos\u0165ou a\u017e 500 kg\/m2.<br \/>\u0160peci\u00e1lne vyvinut\u00e9 na lepenie bez nutnosti fixovania spojov &#8211; dr\u017e\u00ed okam\u017eite.<br \/>Vytvrdzuje vulkaniz\u00e1ciou vzdu\u0161nej vlhkosti, vytv\u00e1ra vysoko pevn\u00fd, elastick\u00fd spoj. <br \/>Okam\u017eit\u00e1 pri\u013enavos\u0165 a\u017e 500 kg\/m2<br \/>Vysok\u00e1 kone\u010dn\u00e1 pevnos\u0165 22 kg\/cm2 (220 000 kg\/m2)<br \/>Vysokomodulov\u00fd<br \/>R\u00fdchlo vytvrdzuj\u00face, bez z\u00e1pachu<br \/>Vysok\u00e1 pri\u013enavos\u0165 k podkladu &#8211; i na matn\u00e9 vlhk\u00e9 podklady<br \/>Trvalo pru\u017en\u00e9, odoln\u00e9 vo\u010di vlhku a vode (vodotesn\u00fd spoj), poveternostn\u00fdm vplyvom<br \/>Bez obsahu izokyan\u00e1tov, rozp\u00fa\u0161\u0165adiel, ftal\u00e1tov a silik\u00f3nu<br \/>Po vytvrdnut\u00ed zatierate\u013en\u00fd vhodn\u00fdmi disperzn\u00fdmi farbami (okrem alkydov\u00fdch \u017eiv\u00edc)<br \/>Lepen\u00e9 predmety nie je potrebn\u00e9 fixova\u0165. Spoje \u201edr\u017eia\u201c bez pou\u017eitia svoriek a podoprenia<\/p>\n<p><strong>Pou\u017eitie:<\/strong><br \/>Lepenie kon\u0161truk\u010dn\u00fdch vodotesn\u00fdch spojov v stavebnom a stroj\u00e1rskom priemysle.<br \/>Lepenie v interi\u00e9roch i exteri\u00e9roch budov. Lepenie kon\u0161truk\u010dn\u00fdch dielov automobilov, autobusov, karavanov, osobn\u00fdch vag\u00f3nov. Lepenie dielov karos\u00e9ri\u00ed &#8211; kov na kov (pohlcuje vibr\u00e1cie).<br \/>Lepenie antikor\u00f3znej ocele, hlin\u00edka, medi, olova, skla,, PS, PUR, PVC a niektor\u00fdch druhov plastov, bet\u00f3nu, keramick\u00fdch dla\u017ed\u00edc, smaltu, zrkadiel, dreva, teh\u00e1l, sadrokart\u00f3nu a pod.<br \/>Lepenie schodn\u00edc, parapetov, podlahov\u00fdch l\u00ed\u0161t, obkladov\u00fdch prvkov a pod.<\/p>\n<p><strong>Farba:\u00a0<\/strong>biela<\/p>\n","protected":false},"excerpt":{"rendered":"<p>Materi\u00e1l: Ch\u00e9mia<\/p>\n","protected":false},"featured_media":0,"comment_status":"closed","ping_status":"open","template":"","meta":[],"product_brand":[],"product_cat":[15],"product_tag":[],"class_list":{"0":"post-8587","1":"product","2":"type-product","3":"status-publish","5":"product_cat-uncategorized","7":"first","8":"onbackorder","9":"sale","10":"purchasable","11":"product-type-simple"},"_links":{"self":[{"href":"https:\/\/aramiso-test.verteco.app\/index.php?rest_route=\/wp\/v2\/product\/8587","targetHints":{"allow":["GET"]}}],"collection":[{"href":"https:\/\/aramiso-test.verteco.app\/index.php?rest_route=\/wp\/v2\/product"}],"about":[{"href":"https:\/\/aramiso-test.verteco.app\/index.php?rest_route=\/wp\/v2\/types\/product"}],"replies":[{"embeddable":true,"href":"https:\/\/aramiso-test.verteco.app\/index.php?rest_route=%2Fwp%2Fv2%2Fcomments&post=8587"}],"wp:attachment":[{"href":"https:\/\/aramiso-test.verteco.app\/index.php?rest_route=%2Fwp%2Fv2%2Fmedia&parent=8587"}],"wp:term":[{"taxonomy":"product_brand","embeddable":true,"href":"https:\/\/aramiso-test.verteco.app\/index.php?rest_route=%2Fwp%2Fv2%2Fproduct_brand&post=8587"},{"taxonomy":"product_cat","embeddable":true,"href":"https:\/\/aramiso-test.verteco.app\/index.php?rest_route=%2Fwp%2Fv2%2Fproduct_cat&post=8587"},{"taxonomy":"product_tag","embeddable":true,"href":"https:\/\/aramiso-test.verteco.app\/index.php?rest_route=%2Fwp%2Fv2%2Fproduct_tag&post=8587"}],"curies":[{"name":"wp","href":"https:\/\/api.w.org\/{rel}","templated":true}]}}