{"id":8585,"date":"2025-10-26T12:12:34","date_gmt":"2025-10-26T12:12:34","guid":{"rendered":"https:\/\/aramiso-test.verteco.app\/?product=sitko-pre-chemicku-maltu-m8-m10"},"modified":"2025-10-26T12:12:39","modified_gmt":"2025-10-26T12:12:39","slug":"sitko-pre-chemicku-maltu-m8-m10","status":"publish","type":"product","link":"https:\/\/aramiso-test.verteco.app\/?product=sitko-pre-chemicku-maltu-m8-m10","title":{"rendered":"Sitko pre chemick\u00fa maltu, M8\/M10"},"content":{"rendered":"<p>Plastov\u00e9 kotevn\u00e9 sitko nevyhnutn\u00e9 pre spr\u00e1vnu a profesion\u00e1lnu aplik\u00e1ciu chemickej malty do dutinov\u00e9ho muriva. Pre z\u00e1vitov\u00e9 ty\u010de M8 a M10.<\/p>\n","protected":false},"excerpt":{"rendered":"<p>Materi\u00e1l: PVC, L: 130, D: 16<\/p>\n","protected":false},"featured_media":0,"comment_status":"closed","ping_status":"open","template":"","meta":[],"product_brand":[],"product_cat":[15],"product_tag":[],"class_list":{"0":"post-8585","1":"product","2":"type-product","3":"status-publish","5":"product_cat-uncategorized","7":"first","8":"onbackorder","9":"sale","10":"purchasable","11":"product-type-simple"},"_links":{"self":[{"href":"https:\/\/aramiso-test.verteco.app\/index.php?rest_route=\/wp\/v2\/product\/8585","targetHints":{"allow":["GET"]}}],"collection":[{"href":"https:\/\/aramiso-test.verteco.app\/index.php?rest_route=\/wp\/v2\/product"}],"about":[{"href":"https:\/\/aramiso-test.verteco.app\/index.php?rest_route=\/wp\/v2\/types\/product"}],"replies":[{"embeddable":true,"href":"https:\/\/aramiso-test.verteco.app\/index.php?rest_route=%2Fwp%2Fv2%2Fcomments&post=8585"}],"wp:attachment":[{"href":"https:\/\/aramiso-test.verteco.app\/index.php?rest_route=%2Fwp%2Fv2%2Fmedia&parent=8585"}],"wp:term":[{"taxonomy":"product_brand","embeddable":true,"href":"https:\/\/aramiso-test.verteco.app\/index.php?rest_route=%2Fwp%2Fv2%2Fproduct_brand&post=8585"},{"taxonomy":"product_cat","embeddable":true,"href":"https:\/\/aramiso-test.verteco.app\/index.php?rest_route=%2Fwp%2Fv2%2Fproduct_cat&post=8585"},{"taxonomy":"product_tag","embeddable":true,"href":"https:\/\/aramiso-test.verteco.app\/index.php?rest_route=%2Fwp%2Fv2%2Fproduct_tag&post=8585"}],"curies":[{"name":"wp","href":"https:\/\/api.w.org\/{rel}","templated":true}]}}