{"id":8583,"date":"2025-08-03T11:38:02","date_gmt":"2025-08-03T11:38:02","guid":{"rendered":"https:\/\/aramiso-test.verteco.app\/?product=kotva-chemicka-300ml-polyester"},"modified":"2025-08-03T11:38:06","modified_gmt":"2025-08-03T11:38:06","slug":"kotva-chemicka-300ml-polyester","status":"publish","type":"product","link":"https:\/\/aramiso-test.verteco.app\/?product=kotva-chemicka-300ml-polyester","title":{"rendered":"Kotva chemick\u00e1 300ml &#8211; Polyester"},"content":{"rendered":"<p>Vysokokvalitn\u00e1 polyesterov\u00e1 chemick\u00e1 kotva, Hybrid Formulation bez obsahu styr\u00e9nu, vhodn\u00e1 na spo\u013eahliv\u00e9 upevnenie s vysok\u00fdm v\u00fdkonom.<br \/>\nCE-schv\u00e1len\u00e1 OPTION 7 pre aplik\u00e1ciu na bet\u00f3n bez trhl\u00edn<br \/>\nCE-schv\u00e1len\u00e9 pre aplik\u00e1ciu na murivo.<\/p>\n<p>Navrhnut\u00e9 pre pou\u017eitie na hlavn\u00e9 stavebn\u00e9 materi\u00e1ly, poskytuj\u00face vysok\u00e9 hodnoty za\u0165a\u017eenia.<\/p>\n<p>PLUS:<\/p>\n<p>CE-schv\u00e1len\u00e1 OPTION 7 pre aplik\u00e1ciu na bet\u00f3n bez trhl\u00edn.<br \/>\nCE-schv\u00e1len\u00e9 pre aplik\u00e1ciu na murivo.<br \/>\nPo\u017eiadavky na EQ s\u00fa schv\u00e1len\u00e9<br \/>\nSchv\u00e1len\u00e9 pod\u013ea LEED<br \/>\nEmisn\u00e1 trieda A + pre prchav\u00e9 organick\u00e9 zl\u00fa\u010deniny v ob\u00fdvanom prostred\u00ed<br \/>\nSchv\u00e1len\u00e9 pre aplik\u00e1cie v ponoren\u00fdch otvoroch<br \/>\n  Bez styr\u00e9nu, bez pr\u00edsad a rozp\u00fa\u0161\u0165adiel nebezpe\u010dn\u00fdch pre \u017eivotn\u00e9 prostredie a u\u017e\u00edvate\u013ea.<br \/>\nJe mo\u017en\u00e9 ho pou\u017ei\u0165 v uzavret\u00fdch priestoroch.<br \/>\nVhodn\u00e9 na mont\u00e1\u017e okien a dver\u00ed<br \/>\nVodotesn\u00fd spoj.<br \/>\n\u017diadny dilata\u010dn\u00fd efekt, \u010do umo\u017e\u0148uje upevnenie bl\u00edzko okrajov.<br \/>\nNemen\u00ed vonkaj\u0161\u00ed vzh\u013ead podpery.<br \/>\nVhodn\u00e9 aj ako opravn\u00e1 \u017eivica alebo lepiaca \u017eivica na bet\u00f3nov\u00e9 diely.<br \/>\nNa polopevn\u00fdch materi\u00e1loch sa pou\u017e\u00edva s plastov\u00fdm alebo oce\u013aov\u00fdm sitkom pre chemick\u00e9 malty.<\/p>\n<p>Aplik\u00e1cia:<\/p>\n<p>Je vhodn\u00fd na upevnenie stredn\u00e9ho a \u0165a\u017ek\u00e9ho za\u0165a\u017eenia na pln\u00e9 a dut\u00e9 podpery: kame\u0148, bet\u00f3n, p\u00f3robet\u00f3n, pln\u00e9 a dut\u00e9 tehly. Ide\u00e1lny pre okenn\u00e9 a dverov\u00e9 r\u00e1my. Je ur\u010den\u00fd na aplik\u00e1ciu na dreven\u00e9 a kovov\u00e9 stol\u00e1rstvo, na upevnenie fas\u00e1d, z\u00e1bradl\u00ed, mrie\u017eok, sanit\u00e1rnych zariaden\u00ed, potrubn\u00fdch spojov a na upevnenie p\u00e1ntov v sektore dreven\u00fdch a hlin\u00edkov\u00fdch dver\u00ed a z\u00e1rubn\u00ed.<br \/>\n<br \/>\nCharakteristika:<\/p>\n<p>Na pou\u017eitie so \u0161peci\u00e1lnou aplik\u00e1ciou alebo silik\u00f3novou pi\u0161to\u013eou a statick\u00fdmi mix\u00e9rmi.<br \/>\nKr\u00e1tkodobo odoln\u00fd vo\u010di teplote do +80\u00b0C; dlhodobo do +50\u00b0C.<br \/>\nTeplota pri aplik\u00e1cii od -5 do +35 \u00b0C.<br \/>\nSkladovacia teplota od +5 do max +25\u00b0C.<br \/>\nSkladovate\u013enos\u0165 od d\u00e1tumu v\u00fdroby: 18 mesiacov (410 ml a 350 ml kartu\u0161e); 12 mesiacov (300 ml kartu\u0161e).<br \/>\n300 ml kartu\u0161a s jednoduch\u00fdm syst\u00e9mom kartu\u0161e: \u017eiadne vn\u00fatorn\u00e9 vrecko, ktor\u00e9 by sa malo prereza\u0165.<\/p>\n","protected":false},"excerpt":{"rendered":"<p>Materi\u00e1l: Ch\u00e9mia, Pou\u017eitie: Kotvenie<\/p>\n","protected":false},"featured_media":0,"comment_status":"closed","ping_status":"open","template":"","meta":[],"product_brand":[],"product_cat":[15],"product_tag":[],"class_list":{"0":"post-8583","1":"product","2":"type-product","3":"status-publish","5":"product_cat-uncategorized","7":"first","8":"onbackorder","9":"sale","10":"purchasable","11":"product-type-simple"},"_links":{"self":[{"href":"https:\/\/aramiso-test.verteco.app\/index.php?rest_route=\/wp\/v2\/product\/8583","targetHints":{"allow":["GET"]}}],"collection":[{"href":"https:\/\/aramiso-test.verteco.app\/index.php?rest_route=\/wp\/v2\/product"}],"about":[{"href":"https:\/\/aramiso-test.verteco.app\/index.php?rest_route=\/wp\/v2\/types\/product"}],"replies":[{"embeddable":true,"href":"https:\/\/aramiso-test.verteco.app\/index.php?rest_route=%2Fwp%2Fv2%2Fcomments&post=8583"}],"wp:attachment":[{"href":"https:\/\/aramiso-test.verteco.app\/index.php?rest_route=%2Fwp%2Fv2%2Fmedia&parent=8583"}],"wp:term":[{"taxonomy":"product_brand","embeddable":true,"href":"https:\/\/aramiso-test.verteco.app\/index.php?rest_route=%2Fwp%2Fv2%2Fproduct_brand&post=8583"},{"taxonomy":"product_cat","embeddable":true,"href":"https:\/\/aramiso-test.verteco.app\/index.php?rest_route=%2Fwp%2Fv2%2Fproduct_cat&post=8583"},{"taxonomy":"product_tag","embeddable":true,"href":"https:\/\/aramiso-test.verteco.app\/index.php?rest_route=%2Fwp%2Fv2%2Fproduct_tag&post=8583"}],"curies":[{"name":"wp","href":"https:\/\/api.w.org\/{rel}","templated":true}]}}