{"id":8580,"date":"2025-10-26T12:12:25","date_gmt":"2025-10-26T12:12:25","guid":{"rendered":"https:\/\/aramiso-test.verteco.app\/?product=kotva-chemicka-300ml-vinylester"},"modified":"2025-10-26T12:12:33","modified_gmt":"2025-10-26T12:12:33","slug":"kotva-chemicka-300ml-vinylester","status":"publish","type":"product","link":"https:\/\/aramiso-test.verteco.app\/?product=kotva-chemicka-300ml-vinylester","title":{"rendered":"Kotva chemick\u00e1 300ml &#8211; vinylester"},"content":{"rendered":"<p>Je to vysokokvalitn\u00e1 kotva pre vysok\u00fd v\u00fdkon na b\u00e1ze vinylesterovej \u017eivice bez styr\u00e9nu.<br \/>\nMont\u00e1\u017e pre stredn\u00e9 a \u0165a\u017ek\u00e9 za\u0165a\u017eenie do pln\u00fdch i dut\u00fdch materi\u00e1lov: kame\u0148, bet\u00f3n, p\u00f3robet\u00f3n, pln\u00e9 a p\u00f3rovit\u00e9 tehly. Spoj je vodotesn\u00fd, tzn. \u017ee voda cez lepiacu zmes nem\u00f4\u017ee prenikn\u00fa\u0165 do otvoru,<br \/>\nVhodn\u00e1 na upev\u0148ovanie prvkov umiestnen\u00fdch v bl\u00edzkosti hrany, preto\u017ee ukotvenie nevyvol\u00e1va \u017eiadnu expanziu, N\u00edzky z\u00e1pach: je bez styr\u00e9nu,<br \/>\nKazeta m\u00f4\u017ee by\u0165 pou\u017eit\u00e1 a\u017e do konca d\u00e1tumu platnosti v\u00fdmenou statick\u00e9ho zmie\u0161ava\u010da alebo op\u00e4tovn\u00e9ho uzavretia kazety s tesniacim vie\u010dkom,<br \/>\nSkladovacia teplota od 5 \u00b0 C a\u017e do max 25 \u00b0 C,<br \/>\nSkladovate\u013enos\u0165 od d\u00e1tumu v\u00fdroby: 12 mesiacov<\/p>\n","protected":false},"excerpt":{"rendered":"<p>Materi\u00e1l: Ch\u00e9mia, Pou\u017eitie: Kotvenie<\/p>\n","protected":false},"featured_media":0,"comment_status":"closed","ping_status":"open","template":"","meta":[],"product_brand":[],"product_cat":[15],"product_tag":[],"class_list":{"0":"post-8580","1":"product","2":"type-product","3":"status-publish","5":"product_cat-uncategorized","7":"first","8":"onbackorder","9":"sale","10":"purchasable","11":"product-type-simple"},"_links":{"self":[{"href":"https:\/\/aramiso-test.verteco.app\/index.php?rest_route=\/wp\/v2\/product\/8580","targetHints":{"allow":["GET"]}}],"collection":[{"href":"https:\/\/aramiso-test.verteco.app\/index.php?rest_route=\/wp\/v2\/product"}],"about":[{"href":"https:\/\/aramiso-test.verteco.app\/index.php?rest_route=\/wp\/v2\/types\/product"}],"replies":[{"embeddable":true,"href":"https:\/\/aramiso-test.verteco.app\/index.php?rest_route=%2Fwp%2Fv2%2Fcomments&post=8580"}],"wp:attachment":[{"href":"https:\/\/aramiso-test.verteco.app\/index.php?rest_route=%2Fwp%2Fv2%2Fmedia&parent=8580"}],"wp:term":[{"taxonomy":"product_brand","embeddable":true,"href":"https:\/\/aramiso-test.verteco.app\/index.php?rest_route=%2Fwp%2Fv2%2Fproduct_brand&post=8580"},{"taxonomy":"product_cat","embeddable":true,"href":"https:\/\/aramiso-test.verteco.app\/index.php?rest_route=%2Fwp%2Fv2%2Fproduct_cat&post=8580"},{"taxonomy":"product_tag","embeddable":true,"href":"https:\/\/aramiso-test.verteco.app\/index.php?rest_route=%2Fwp%2Fv2%2Fproduct_tag&post=8580"}],"curies":[{"name":"wp","href":"https:\/\/api.w.org\/{rel}","templated":true}]}}