{"id":8579,"date":"2025-10-26T12:12:25","date_gmt":"2025-10-26T12:12:25","guid":{"rendered":"https:\/\/aramiso-test.verteco.app\/?product=kotva-chemicka-410ml-20c-vinylester"},"modified":"2025-10-26T12:12:33","modified_gmt":"2025-10-26T12:12:33","slug":"kotva-chemicka-410ml-20c-vinylester","status":"publish","type":"product","link":"https:\/\/aramiso-test.verteco.app\/?product=kotva-chemicka-410ml-20c-vinylester","title":{"rendered":"Kotva chemick\u00e1 410ml, -20\u00b0C vinylester"},"content":{"rendered":"<p>Vysokokvalitn\u00e1 kotva na b\u00e1ze vinylesterovej bezstyr\u00e9novej \u017eivice so \u0161peci\u00e1lnym zimn\u00fdm zlo\u017een\u00edm pre aplik\u00e1cie pri n\u00edzkych teplot\u00e1ch do -20 \u00b0C.<br \/>\nPoskytuje bezpe\u010dnostn\u00e9 upevnenie a vysok\u00e9 za\u0165a\u017eovacie hodnoty aj na pevn\u00fdch a dut\u00fdch podper\u00e1ch, tie\u017e vo vlhk\u00fdch otvorov a na dreve.<br \/>\nVhodn\u00e1 na pou\u017eitie s kartu\u0161ovou pi\u0161to\u013eou a statick\u00fdm zmie\u0161ava\u010dom,<br \/>\nTeplotn\u00e1 odolnos\u0165 a\u017e do + 80 \u00b0 C, kr\u00e1tkodobo a\u017e do +120 \u00b0 C.<br \/>\nSpoj je vodotesn\u00fd, tzn. \u017ee voda cez lepiacu zmes nem\u00f4\u017ee prenikn\u00fa\u0165 do otvoru, Vhodn\u00e1 na upev\u0148ovanie prvkov umiestnen\u00fdch v bl\u00edzkosti hrany, preto\u017ee ukotvenie nevyvol\u00e1va \u017eiadnu expanziu, Ve\u013emi vysok\u00e1 chemick\u00e1 odolnos\u0165, N\u00edzky z\u00e1pach: je bez styr\u00e9nu,<br \/>\nKazeta m\u00f4\u017ee by\u0165 pou\u017eit\u00e1 a\u017e do konca d\u00e1tumu platnosti v\u00fdmenou statick\u00e9ho zmie\u0161ava\u010da alebo op\u00e4tovn\u00e9ho uzavretia kazety s tesniacim vie\u010dkom,<br \/>\nSkladovacia teplota medzi -20 \u00b0 C a 25 \u00b0 C. Skladovate\u013enos\u0165 od d\u00e1tumu v\u00fdroby: 18 mesiacov.<\/p>\n","protected":false},"excerpt":{"rendered":"<p>Materi\u00e1l: Ch\u00e9mia, Pou\u017eitie: Kotvenie<\/p>\n","protected":false},"featured_media":0,"comment_status":"closed","ping_status":"open","template":"","meta":[],"product_brand":[],"product_cat":[15],"product_tag":[],"class_list":{"0":"post-8579","1":"product","2":"type-product","3":"status-publish","5":"product_cat-uncategorized","7":"first","8":"onbackorder","9":"sale","10":"purchasable","11":"product-type-simple"},"_links":{"self":[{"href":"https:\/\/aramiso-test.verteco.app\/index.php?rest_route=\/wp\/v2\/product\/8579","targetHints":{"allow":["GET"]}}],"collection":[{"href":"https:\/\/aramiso-test.verteco.app\/index.php?rest_route=\/wp\/v2\/product"}],"about":[{"href":"https:\/\/aramiso-test.verteco.app\/index.php?rest_route=\/wp\/v2\/types\/product"}],"replies":[{"embeddable":true,"href":"https:\/\/aramiso-test.verteco.app\/index.php?rest_route=%2Fwp%2Fv2%2Fcomments&post=8579"}],"wp:attachment":[{"href":"https:\/\/aramiso-test.verteco.app\/index.php?rest_route=%2Fwp%2Fv2%2Fmedia&parent=8579"}],"wp:term":[{"taxonomy":"product_brand","embeddable":true,"href":"https:\/\/aramiso-test.verteco.app\/index.php?rest_route=%2Fwp%2Fv2%2Fproduct_brand&post=8579"},{"taxonomy":"product_cat","embeddable":true,"href":"https:\/\/aramiso-test.verteco.app\/index.php?rest_route=%2Fwp%2Fv2%2Fproduct_cat&post=8579"},{"taxonomy":"product_tag","embeddable":true,"href":"https:\/\/aramiso-test.verteco.app\/index.php?rest_route=%2Fwp%2Fv2%2Fproduct_tag&post=8579"}],"curies":[{"name":"wp","href":"https:\/\/api.w.org\/{rel}","templated":true}]}}