{"id":8571,"date":"2025-08-03T11:36:54","date_gmt":"2025-08-03T11:36:54","guid":{"rendered":"https:\/\/aramiso-test.verteco.app\/?product=lepidlo-anaerobne-na-nerez-50g-zlte"},"modified":"2025-08-03T11:37:07","modified_gmt":"2025-08-03T11:37:07","slug":"lepidlo-anaerobne-na-nerez-50g-zlte","status":"publish","type":"product","link":"https:\/\/aramiso-test.verteco.app\/?product=lepidlo-anaerobne-na-nerez-50g-zlte","title":{"rendered":"Lepidlo anaer\u00f3bne na nerez, 50g (\u017elt\u00e9)"},"content":{"rendered":"<p>Lepidlo anaer\u00f3bne na nerez (50g &#8211; \u017elt\u00e9). Pou\u017e\u00edva sa na lepenie nerezov\u00fdch s\u00fa\u010dast\u00ed, kolien, spojok&#8230;<br \/>\nHustej\u0161ie, vhodne na lepenie spojov s v\u00e4\u010d\u0161ou medzerou.<br \/>\nProdukt je jednozlo\u017ekov\u00fd anaer\u00f3bny, stredne siln\u00fd tixotropn\u00fd produkt na akrylovej b\u00e1ze.<br \/>\nLepidlo vytvrdzuje, ke\u010f je uzavret\u00e9 v nepr\u00edtomnosti vzduchu medzi tesne priliehaj\u00facimi kovov\u00fdmi povrchmi.<\/p>\n","protected":false},"excerpt":{"rendered":"<p>Materi\u00e1l: Ch\u00e9mia, g: 50<\/p>\n","protected":false},"featured_media":0,"comment_status":"closed","ping_status":"open","template":"","meta":[],"product_brand":[],"product_cat":[15],"product_tag":[],"class_list":{"0":"post-8571","1":"product","2":"type-product","3":"status-publish","5":"product_cat-uncategorized","7":"first","8":"onbackorder","9":"sale","10":"purchasable","11":"product-type-simple"},"_links":{"self":[{"href":"https:\/\/aramiso-test.verteco.app\/index.php?rest_route=\/wp\/v2\/product\/8571","targetHints":{"allow":["GET"]}}],"collection":[{"href":"https:\/\/aramiso-test.verteco.app\/index.php?rest_route=\/wp\/v2\/product"}],"about":[{"href":"https:\/\/aramiso-test.verteco.app\/index.php?rest_route=\/wp\/v2\/types\/product"}],"replies":[{"embeddable":true,"href":"https:\/\/aramiso-test.verteco.app\/index.php?rest_route=%2Fwp%2Fv2%2Fcomments&post=8571"}],"wp:attachment":[{"href":"https:\/\/aramiso-test.verteco.app\/index.php?rest_route=%2Fwp%2Fv2%2Fmedia&parent=8571"}],"wp:term":[{"taxonomy":"product_brand","embeddable":true,"href":"https:\/\/aramiso-test.verteco.app\/index.php?rest_route=%2Fwp%2Fv2%2Fproduct_brand&post=8571"},{"taxonomy":"product_cat","embeddable":true,"href":"https:\/\/aramiso-test.verteco.app\/index.php?rest_route=%2Fwp%2Fv2%2Fproduct_cat&post=8571"},{"taxonomy":"product_tag","embeddable":true,"href":"https:\/\/aramiso-test.verteco.app\/index.php?rest_route=%2Fwp%2Fv2%2Fproduct_tag&post=8571"}],"curies":[{"name":"wp","href":"https:\/\/api.w.org\/{rel}","templated":true}]}}