{"id":8570,"date":"2025-10-26T12:12:25","date_gmt":"2025-10-26T12:12:25","guid":{"rendered":"https:\/\/aramiso-test.verteco.app\/?product=lepidlo-s-aktivatorom-loctite-638-50ml"},"modified":"2025-10-26T12:12:30","modified_gmt":"2025-10-26T12:12:30","slug":"lepidlo-s-aktivatorom-loctite-638-50ml","status":"publish","type":"product","link":"https:\/\/aramiso-test.verteco.app\/?product=lepidlo-s-aktivatorom-loctite-638-50ml","title":{"rendered":"Lepidlo s aktiv\u00e1torom &#8211; LOCTITE 638, 50ml"},"content":{"rendered":"<p>Lepidlo LOCTITE\u00ae 638 je univerz\u00e1lny upev\u0148ova\u010d s obsahom aktiv\u00e1toru pre r\u00fdchle vytvrdnutie a vysokou pevnos\u0165ou.<br \/>\nLepidlo LOCTITE\u00ae 638 je navrhnut\u00fd na lepenie nerezov\u00fdch s\u00fa\u010dast\u00ed, kolien, spojok nerezov\u00fdch z\u00e1bradl\u00ed ako aj l\u00edcovan\u00fdch valcov\u00fdch dielcov, najm\u00e4 s \u00fazkymi medzerami pre spoj bl\u00ed\u017eiacimi sa k 0,25 mm.<br \/> <br \/>\nTento produkt vytvrdzuje pri absencii vzduchu medzi lepen\u00fdmi kovov\u00fdmi povrchmi a zabra\u0148uje uvo\u013e\u0148ovaniu a netesnostiam sp\u00f4soben\u00fdmi r\u00e1zov\u00fdm za\u0165a\u017een\u00edm a vibr\u00e1ciami. Funguj\u00fa na akt\u00edvnych kovoch, ale aj na pas\u00edvnych materi\u00e1loch, kde vykazuj\u00fa robustn\u00e9 vytvrdnutie. <br \/>\nProdukt pon\u00faka odolnos\u0165 vo\u010di vysok\u00fdm teplot\u00e1m, dobr\u00fa zn\u00e1\u0161anlivos\u0165 s olejom a toleruje men\u0161ie povrchov\u00e9 ne\u010distoty.<br \/>\nIde\u00e1lny na hriadele, ozuben\u00e9 koles\u00e1, kladky a podobn\u00e9 valcovit\u00e9 diely<br \/>\nVhodn\u00fd na v\u0161etky kovy, vr\u00e1tane pas\u00edvnych materi\u00e1lov (napr. nerezov\u00e1 oce\u013e)<br \/>\nVysok\u00e1 teplotn\u00e1 odolnos\u0165<br \/>\nToleruje jemn\u00e9 zne\u010distenie, vr\u00e1tane priemyseln\u00fdch olejov<br \/>\nSchv\u00e1lenie DVGW (EN 751-1): NG-5146AR0619<\/p>\n<p>Technick\u00e9 inform\u00e1cie.<\/p>\n<p>Aplik\u00e1cia\t &#8211; Pre klzne ulo\u017een\u00e9 zostavy, Pre tesne priliehaj\u00face valcov\u00e9 diely, Upev\u0148ovanie<br \/>\nFarba &#8211; Zelen\u00e1<br \/>\nFyzik\u00e1lna forma &#8211; Kvapalina<br \/>\nK\u013e\u00fa\u010dov\u00e9 vlastnosti\t &#8211; Fluorescen\u010dn\u00e9, Pevnos\u0165: vysok\u00e1 pevnos\u0165, Teplotn\u00e1 odolnos\u0165<br \/>\nViskozita &#8211; vysok\u00e1 viskozita, Zn\u00e1\u0161a olej<br \/>\nMet\u00f3da nan\u00e1\u0161ania &#8211; Manu\u00e1lne, Syst\u00e9m d\u00e1vkovania<br \/>\nPevnos\u0165 v strihu, Oce\u013e\t31.0 N\/mm2 (4500.0 psi )<br \/>\nPrev\u00e1dzkov\u00e1 teplota\t-55.0 &#8211; 180.0 \u00b0C (-65.0 &#8211; 355.0 \u00b0F )<br \/>\nPou\u017eite na &#8211; Kov: oce\u013e, nehrdzavej\u00faca oce\u013e<br \/>\nSchv\u00e1lenia agent\u00fary \/ certifik\u00e1ty \/ \u0161pecifik\u00e1cie &#8211; DVGW (EN 751-1): NG-5146AR0619, NSF P1 Reg. \u010d.: 123010, WRAS (BS 6920): 0511518<br \/>\nSp\u00f4sob vytvrdzovania &#8211; Anaer\u00f3bne vytvrdzovanie<br \/>\nViskozita &#8211; 2500.0 mPa.s (cP)<br \/>\nV\u00fdpl\u0148 medzery\t0.15 &#8211; 0.25 mm<\/p>\n","protected":false},"excerpt":{"rendered":"<p>Materi\u00e1l: Ch\u00e9mia, g: 50<\/p>\n","protected":false},"featured_media":0,"comment_status":"closed","ping_status":"open","template":"","meta":[],"product_brand":[],"product_cat":[15],"product_tag":[],"class_list":{"0":"post-8570","1":"product","2":"type-product","3":"status-publish","5":"product_cat-uncategorized","7":"first","8":"onbackorder","9":"sale","10":"purchasable","11":"product-type-simple"},"_links":{"self":[{"href":"https:\/\/aramiso-test.verteco.app\/index.php?rest_route=\/wp\/v2\/product\/8570","targetHints":{"allow":["GET"]}}],"collection":[{"href":"https:\/\/aramiso-test.verteco.app\/index.php?rest_route=\/wp\/v2\/product"}],"about":[{"href":"https:\/\/aramiso-test.verteco.app\/index.php?rest_route=\/wp\/v2\/types\/product"}],"replies":[{"embeddable":true,"href":"https:\/\/aramiso-test.verteco.app\/index.php?rest_route=%2Fwp%2Fv2%2Fcomments&post=8570"}],"wp:attachment":[{"href":"https:\/\/aramiso-test.verteco.app\/index.php?rest_route=%2Fwp%2Fv2%2Fmedia&parent=8570"}],"wp:term":[{"taxonomy":"product_brand","embeddable":true,"href":"https:\/\/aramiso-test.verteco.app\/index.php?rest_route=%2Fwp%2Fv2%2Fproduct_brand&post=8570"},{"taxonomy":"product_cat","embeddable":true,"href":"https:\/\/aramiso-test.verteco.app\/index.php?rest_route=%2Fwp%2Fv2%2Fproduct_cat&post=8570"},{"taxonomy":"product_tag","embeddable":true,"href":"https:\/\/aramiso-test.verteco.app\/index.php?rest_route=%2Fwp%2Fv2%2Fproduct_tag&post=8570"}],"curies":[{"name":"wp","href":"https:\/\/api.w.org\/{rel}","templated":true}]}}