{"id":8569,"date":"2025-10-26T12:12:25","date_gmt":"2025-10-26T12:12:25","guid":{"rendered":"https:\/\/aramiso-test.verteco.app\/?product=aktivator-anaerobnych-lepidiel-henkel-500ml"},"modified":"2025-10-26T12:12:29","modified_gmt":"2025-10-26T12:12:29","slug":"aktivator-anaerobnych-lepidiel-henkel-500ml","status":"publish","type":"product","link":"https:\/\/aramiso-test.verteco.app\/?product=aktivator-anaerobnych-lepidiel-henkel-500ml","title":{"rendered":"Aktiv\u00e1tor anaer\u00f3bnych lepidiel, HENKEL, 500ml"},"content":{"rendered":"<p>LOCTITE SF 7649 je aktiv\u00e1tor na b\u00e1ze rozp\u00fa\u0161\u0165adla na pr\u00edpravu povrchu, ktor\u00fd umo\u017e\u0148uje vytvrdzovanie pri n\u00edzkej teplote.<br \/>\nLOCTITE\u00ae SF 7649 je ur\u010den\u00fd na zv\u00fd\u0161enie r\u00fdchlosti vytvrdzovania anaer\u00f3bnych lepidiel a tesniacich materi\u00e1lov LOCTITE bez v\u00fdraznej straty pevnosti spoja.<br \/>\nOsobitne sa odpor\u00fa\u010da pre aplik\u00e1cie s pas\u00edvnymi kovov\u00fdmi alebo inertn\u00fdmi povrchmi a s ve\u013ek\u00fdmi medzerami spojov.<br \/>\nLOCTITE SF 7649 pon\u00faka dobr\u00e9 vlastnosti pri n\u00edzkych teplot\u00e1ch vytvrdzovania a odpor\u00fa\u010da sa, ak je teplota aplikovania ni\u017e\u0161ia ako 15 \u00b0C.<br \/>\nur\u00fdch\u013euje vytvrdnutie na pas\u00edvnych a neakt\u00edvnych kovoch<br \/>\nna vytvrdzovanie pri n\u00edzkych teplot\u00e1ch (&lt; 15\u00b0C)<br \/>\nna ve\u013ek\u00e9 medzery<\/p>\n<p>Aplik\u00e1cia\tAktiv\u00e1cia anaer\u00f3bov &#8211; Plo\u0161n\u00e1 tesnenie, Tesnenie potrubia, Tesnenie r\u00farkov\u00fdch z\u00e1vitov, Upev\u0148ovanie, Zais\u0165ovanie z\u00e1vitov<br \/>\nChemick\u00e1 b\u00e1za \/ z\u00e1klad &#8211; Acet\u00f3n<br \/>\nFarba &#8211; Zelen\u00e1<br \/>\nFyzik\u00e1lna forma &#8211; Kvapalina<br \/>\nK\u013e\u00fa\u010dov\u00e9 vlastnosti\t &#8211; Umo\u017e\u0148uje vytvrdzovanie pri n\u00edzkej teplote, Ur\u00fdch\u013eova\u010d vytvrdzovania<br \/>\nMet\u00f3da nan\u00e1\u0161ania &#8211; Postrek, Pred aplik\u00e1ciou, \u0160tetec<br \/>\nOdpor\u00fa\u010da sa pou\u017e\u00edva\u0165 s &#8211; Kov, Kov: Pas\u00edvny kov<br \/>\nSp\u00f4sob vytvrdzovania &#8211; Bez v ytvrdzovania<\/p>\n","protected":false},"excerpt":{"rendered":"<p>Materi\u00e1l: Ch\u00e9mia<\/p>\n","protected":false},"featured_media":0,"comment_status":"closed","ping_status":"open","template":"","meta":[],"product_brand":[],"product_cat":[15],"product_tag":[],"class_list":{"0":"post-8569","1":"product","2":"type-product","3":"status-publish","5":"product_cat-uncategorized","7":"first","8":"instock","9":"sale","10":"purchasable","11":"product-type-simple"},"_links":{"self":[{"href":"https:\/\/aramiso-test.verteco.app\/index.php?rest_route=\/wp\/v2\/product\/8569","targetHints":{"allow":["GET"]}}],"collection":[{"href":"https:\/\/aramiso-test.verteco.app\/index.php?rest_route=\/wp\/v2\/product"}],"about":[{"href":"https:\/\/aramiso-test.verteco.app\/index.php?rest_route=\/wp\/v2\/types\/product"}],"replies":[{"embeddable":true,"href":"https:\/\/aramiso-test.verteco.app\/index.php?rest_route=%2Fwp%2Fv2%2Fcomments&post=8569"}],"wp:attachment":[{"href":"https:\/\/aramiso-test.verteco.app\/index.php?rest_route=%2Fwp%2Fv2%2Fmedia&parent=8569"}],"wp:term":[{"taxonomy":"product_brand","embeddable":true,"href":"https:\/\/aramiso-test.verteco.app\/index.php?rest_route=%2Fwp%2Fv2%2Fproduct_brand&post=8569"},{"taxonomy":"product_cat","embeddable":true,"href":"https:\/\/aramiso-test.verteco.app\/index.php?rest_route=%2Fwp%2Fv2%2Fproduct_cat&post=8569"},{"taxonomy":"product_tag","embeddable":true,"href":"https:\/\/aramiso-test.verteco.app\/index.php?rest_route=%2Fwp%2Fv2%2Fproduct_tag&post=8569"}],"curies":[{"name":"wp","href":"https:\/\/api.w.org\/{rel}","templated":true}]}}