{"id":8568,"date":"2025-10-26T12:12:25","date_gmt":"2025-10-26T12:12:25","guid":{"rendered":"https:\/\/aramiso-test.verteco.app\/?product=lepidlo-loctite-403-sekundove-20g"},"modified":"2025-10-26T12:12:28","modified_gmt":"2025-10-26T12:12:28","slug":"lepidlo-loctite-403-sekundove-20g","status":"publish","type":"product","link":"https:\/\/aramiso-test.verteco.app\/?product=lepidlo-loctite-403-sekundove-20g","title":{"rendered":"Lepidlo LOCTITE 403 &#8211; sekundov\u00e9, 20g"},"content":{"rendered":"<p>Sekundov\u00e9 lepidlo LOCTITE\u00ae 403 je lepidlo na b\u00e1ze alkoxyeylu so strednou viskozitou, n\u00edzkym z\u00e1pachom a obmedzen\u00fdm v\u00fdkvetom, obzvl\u00e1\u0161\u0165 vhodn\u00e9 na aplik\u00e1cie, kde je obtia\u017ena kontrola v\u00fdparov.<br \/>\nPoskytuje r\u00fdchle lepenie \u0161irokej \u0161k\u00e1ly materi\u00e1lov, vr\u00e1tane kovov, plastov a elastom\u00e9rov. Je obzvl\u00e1\u0161\u0165 vhodn\u00e9 pre lepenie por\u00e9znych a absorp\u010dn\u00fdch materi\u00e1lov.<br \/>\nN\u00edzky z\u00e1pach pre aplik\u00e1cie, kde je potrebn\u00e1 kontrola v\u00fdparov<br \/>\nObmedzen\u00fd v\u00fdkvet pre aplik\u00e1cie, kde je d\u00f4le\u017eit\u00fd vzh\u013ead<br \/>\nTransparentn\u00e9 a bezfarebn\u00e9<br \/>\nVe\u013emi vhodn\u00e9 na por\u00e9zne materi\u00e1ly<\/p>\n<p>Technick\u00e9 inform\u00e1cie:<\/p>\n<p>Aplik\u00e1cia, Odpor\u00fa\u010dan\u00e9 &#8211; Lepenie dielov s tesn\u00fdm ulo\u017een\u00edm<br \/>\nDoba fix\u00e1cie, Oce\u013e  &#8211; 30.0 sec.<br \/>\nFarba &#8211; Ultra\u010d\u00edra<br \/>\nK\u013e\u00fa\u010dov\u00e9 vlastnosti, Odpor\u00fa\u010dan\u00e9 &#8211; Necitlivos\u0165 k povrchu, Viskozita: stredn\u00e1 viskozita, Vyplnenie \u0161p\u00e1ry, V\u00fdkvet: n\u00edzky v\u00fdkvet, Z\u00e1pach: slab\u00fd z\u00e1pach<br \/>\nMet\u00f3da nan\u00e1\u0161ania, Odpor\u00fa\u010dan\u00e9 &#8211; Manu\u00e1lne, Syst\u00e9m d\u00e1vkovania<br \/>\nPevnos\u0165 v strihu, M\u00e4kk\u00e1 oce\u013e (otryskan\u00e1) &#8211; 20.3 N\/mm2 (2950.0 psi )<br \/>\nPrev\u00e1dzkov\u00e1 teplota    -40.0 &#8211; 80.0 \u00b0C (-40.0 &#8211; 175.0 \u00b0F )<br \/>\nViskozita &#8211; 1200.0 mPa.s (cP)<br \/>\nV\u00fdpl\u0148 medzery &#8211; 0.2 mm<\/p>\n","protected":false},"excerpt":{"rendered":"<p>Materi\u00e1l: Ch\u00e9mia, g: 20<\/p>\n","protected":false},"featured_media":0,"comment_status":"closed","ping_status":"open","template":"","meta":[],"product_brand":[],"product_cat":[15],"product_tag":[],"class_list":{"0":"post-8568","1":"product","2":"type-product","3":"status-publish","5":"product_cat-uncategorized","7":"first","8":"instock","9":"sale","10":"purchasable","11":"product-type-simple"},"_links":{"self":[{"href":"https:\/\/aramiso-test.verteco.app\/index.php?rest_route=\/wp\/v2\/product\/8568","targetHints":{"allow":["GET"]}}],"collection":[{"href":"https:\/\/aramiso-test.verteco.app\/index.php?rest_route=\/wp\/v2\/product"}],"about":[{"href":"https:\/\/aramiso-test.verteco.app\/index.php?rest_route=\/wp\/v2\/types\/product"}],"replies":[{"embeddable":true,"href":"https:\/\/aramiso-test.verteco.app\/index.php?rest_route=%2Fwp%2Fv2%2Fcomments&post=8568"}],"wp:attachment":[{"href":"https:\/\/aramiso-test.verteco.app\/index.php?rest_route=%2Fwp%2Fv2%2Fmedia&parent=8568"}],"wp:term":[{"taxonomy":"product_brand","embeddable":true,"href":"https:\/\/aramiso-test.verteco.app\/index.php?rest_route=%2Fwp%2Fv2%2Fproduct_brand&post=8568"},{"taxonomy":"product_cat","embeddable":true,"href":"https:\/\/aramiso-test.verteco.app\/index.php?rest_route=%2Fwp%2Fv2%2Fproduct_cat&post=8568"},{"taxonomy":"product_tag","embeddable":true,"href":"https:\/\/aramiso-test.verteco.app\/index.php?rest_route=%2Fwp%2Fv2%2Fproduct_tag&post=8568"}],"curies":[{"name":"wp","href":"https:\/\/api.w.org\/{rel}","templated":true}]}}