{"id":8562,"date":"2025-10-26T12:12:25","date_gmt":"2025-10-26T12:12:25","guid":{"rendered":"https:\/\/aramiso-test.verteco.app\/?product=zatlacovacia-zatka-pre-otvor-d10mm"},"modified":"2025-10-26T12:12:25","modified_gmt":"2025-10-26T12:12:25","slug":"zatlacovacia-zatka-pre-otvor-d10mm","status":"publish","type":"product","link":"https:\/\/aramiso-test.verteco.app\/?product=zatlacovacia-zatka-pre-otvor-d10mm","title":{"rendered":"Zatla\u010dovacia z\u00e1tka pre otvor D10mm"},"content":{"rendered":"<p>Zatla\u010dovacia z\u00e1tka pre otvor D10mm<br \/>\n\u010cierna zatl\u00e1\u010dacia z\u00e1tka je vyroben\u00e1 z LDPE. T\u00e1to z\u00e1tka, niekedy ozna\u010dovan\u00e1 ako upch\u00e1vka, sa d\u00e1 z bezpe\u010dnostn\u00fdch alebo estetick\u00fdch d\u00f4vodov \u013eahko zatla\u010di\u0165 do vyroben\u00fdch otvorov, dod\u00e1va sa s klenutou hlavou.<\/p>\n","protected":false},"excerpt":{"rendered":"<p>Materi\u00e1l: Plast<\/p>\n","protected":false},"featured_media":0,"comment_status":"closed","ping_status":"open","template":"","meta":[],"product_brand":[],"product_cat":[15],"product_tag":[],"class_list":{"0":"post-8562","1":"product","2":"type-product","3":"status-publish","5":"product_cat-uncategorized","7":"first","8":"onbackorder","9":"sale","10":"purchasable","11":"product-type-simple"},"_links":{"self":[{"href":"https:\/\/aramiso-test.verteco.app\/index.php?rest_route=\/wp\/v2\/product\/8562","targetHints":{"allow":["GET"]}}],"collection":[{"href":"https:\/\/aramiso-test.verteco.app\/index.php?rest_route=\/wp\/v2\/product"}],"about":[{"href":"https:\/\/aramiso-test.verteco.app\/index.php?rest_route=\/wp\/v2\/types\/product"}],"replies":[{"embeddable":true,"href":"https:\/\/aramiso-test.verteco.app\/index.php?rest_route=%2Fwp%2Fv2%2Fcomments&post=8562"}],"wp:attachment":[{"href":"https:\/\/aramiso-test.verteco.app\/index.php?rest_route=%2Fwp%2Fv2%2Fmedia&parent=8562"}],"wp:term":[{"taxonomy":"product_brand","embeddable":true,"href":"https:\/\/aramiso-test.verteco.app\/index.php?rest_route=%2Fwp%2Fv2%2Fproduct_brand&post=8562"},{"taxonomy":"product_cat","embeddable":true,"href":"https:\/\/aramiso-test.verteco.app\/index.php?rest_route=%2Fwp%2Fv2%2Fproduct_cat&post=8562"},{"taxonomy":"product_tag","embeddable":true,"href":"https:\/\/aramiso-test.verteco.app\/index.php?rest_route=%2Fwp%2Fv2%2Fproduct_tag&post=8562"}],"curies":[{"name":"wp","href":"https:\/\/api.w.org\/{rel}","templated":true}]}}