{"id":8555,"date":"2025-08-03T11:36:54","date_gmt":"2025-08-03T11:36:54","guid":{"rendered":"https:\/\/aramiso-test.verteco.app\/?product=zaslepka-pre-al-listu"},"modified":"2025-08-03T11:36:54","modified_gmt":"2025-08-03T11:36:54","slug":"zaslepka-pre-al-listu","status":"publish","type":"product","link":"https:\/\/aramiso-test.verteco.app\/?product=zaslepka-pre-al-listu","title":{"rendered":"Z\u00e1slepka pre AL li\u0161tu"},"content":{"rendered":"<p>Z\u00e1slepka profilu AL\/0006-ECO pre kotvenie li\u0161ty AL\/0026&#8230;<\/p>\n","protected":false},"excerpt":{"rendered":"<p>Materi\u00e1l: ABS, D: 26<\/p>\n","protected":false},"featured_media":0,"comment_status":"closed","ping_status":"open","template":"","meta":[],"product_brand":[],"product_cat":[15],"product_tag":[],"class_list":{"0":"post-8555","1":"product","2":"type-product","3":"status-publish","5":"product_cat-uncategorized","7":"first","8":"onbackorder","9":"sale","10":"purchasable","11":"product-type-simple"},"_links":{"self":[{"href":"https:\/\/aramiso-test.verteco.app\/index.php?rest_route=\/wp\/v2\/product\/8555","targetHints":{"allow":["GET"]}}],"collection":[{"href":"https:\/\/aramiso-test.verteco.app\/index.php?rest_route=\/wp\/v2\/product"}],"about":[{"href":"https:\/\/aramiso-test.verteco.app\/index.php?rest_route=\/wp\/v2\/types\/product"}],"replies":[{"embeddable":true,"href":"https:\/\/aramiso-test.verteco.app\/index.php?rest_route=%2Fwp%2Fv2%2Fcomments&post=8555"}],"wp:attachment":[{"href":"https:\/\/aramiso-test.verteco.app\/index.php?rest_route=%2Fwp%2Fv2%2Fmedia&parent=8555"}],"wp:term":[{"taxonomy":"product_brand","embeddable":true,"href":"https:\/\/aramiso-test.verteco.app\/index.php?rest_route=%2Fwp%2Fv2%2Fproduct_brand&post=8555"},{"taxonomy":"product_cat","embeddable":true,"href":"https:\/\/aramiso-test.verteco.app\/index.php?rest_route=%2Fwp%2Fv2%2Fproduct_cat&post=8555"},{"taxonomy":"product_tag","embeddable":true,"href":"https:\/\/aramiso-test.verteco.app\/index.php?rest_route=%2Fwp%2Fv2%2Fproduct_tag&post=8555"}],"curies":[{"name":"wp","href":"https:\/\/api.w.org\/{rel}","templated":true}]}}