{"id":8553,"date":"2025-10-26T12:12:15","date_gmt":"2025-10-26T12:12:15","guid":{"rendered":"https:\/\/aramiso-test.verteco.app\/?product=priehladna-akrylova-gelova-paska-t-2mm-6mmx165m"},"modified":"2025-10-26T12:12:24","modified_gmt":"2025-10-26T12:12:24","slug":"priehladna-akrylova-gelova-paska-t-2mm-6mmx165m","status":"publish","type":"product","link":"https:\/\/aramiso-test.verteco.app\/?product=priehladna-akrylova-gelova-paska-t-2mm-6mmx165m","title":{"rendered":"Prieh\u013eadn\u00e1 akrylov\u00e1 g\u00e9lov\u00e1 p\u00e1ska, T 2mm\/6mmx16,5m"},"content":{"rendered":"<p>AFT p\u00e1sky s\u00fa najlep\u0161ia vo\u013eba, ak chcete naozaj pevn\u00fd a odoln\u00fd lepen\u00fd spoj. Plast, kov, lakovan\u00e9 drevo, tie\u017e sklo alebo keramika, kompozitn\u00e9 hmoty &#8211; jedine\u010dn\u00e1 bezn\u00fdtov\u00e1 technol\u00f3gie v podobe akrylov\u00fdch lepiacich p\u00e1sok sa hod\u00ed pre v\u0161etky materi\u00e1ly. Penov\u00e1 p\u00e1ska silne pri\u013ene k materi\u00e1lu a odol\u00e1 \u0161myku aj v\u0161etk\u00fdm pokusom odl\u00fapnutiu. AFT p\u00e1sky s\u00fa ve\u013emi vhodn\u00e9 pre lepenie kovov, preto\u017ee nepodporuj\u00fa kor\u00f3zii.<br \/>\nObojstrann\u00e1 AFT p\u00e1ska odol\u00e1va vlhkosti, slnku i zmen\u00e1m tepl\u00f4t (rozsah -40 a\u017e +130 \u00b0 C).<\/p>\n","protected":false},"excerpt":{"rendered":"<p>AFT p\u00e1sky s\u00fa najlep\u0161ia vo\u013eba, ak chcete naozaj pevn\u00fd a odoln\u00fd lepen\u00fd spoj. Plast, kov, lakovan\u00e9 drevo, tie\u017e sklo alebo keramika, kompozitn\u00e9 hmoty &#8211; jedine\u010dn\u00e1 bezn\u00fdtov\u00e1 technol\u00f3gie v podobe akrylov\u00fdch lepiacich p\u00e1sok sa hod\u00ed pre v\u0161etky materi\u00e1ly. Penov\u00e1 p\u00e1ska silne pri\u013ene k materi\u00e1lu a odol\u00e1 \u0161myku aj v\u0161etk\u00fdm pokusom odl\u00fapnutiu. AFT p\u00e1sky s\u00fa ve\u013emi vhodn\u00e9 [&hellip;]<\/p>\n","protected":false},"featured_media":0,"comment_status":"closed","ping_status":"open","template":"","meta":[],"product_brand":[],"product_cat":[15],"product_tag":[],"class_list":{"0":"post-8553","1":"product","2":"type-product","3":"status-publish","5":"product_cat-uncategorized","7":"first","8":"instock","9":"sale","10":"purchasable","11":"product-type-simple"},"_links":{"self":[{"href":"https:\/\/aramiso-test.verteco.app\/index.php?rest_route=\/wp\/v2\/product\/8553","targetHints":{"allow":["GET"]}}],"collection":[{"href":"https:\/\/aramiso-test.verteco.app\/index.php?rest_route=\/wp\/v2\/product"}],"about":[{"href":"https:\/\/aramiso-test.verteco.app\/index.php?rest_route=\/wp\/v2\/types\/product"}],"replies":[{"embeddable":true,"href":"https:\/\/aramiso-test.verteco.app\/index.php?rest_route=%2Fwp%2Fv2%2Fcomments&post=8553"}],"wp:attachment":[{"href":"https:\/\/aramiso-test.verteco.app\/index.php?rest_route=%2Fwp%2Fv2%2Fmedia&parent=8553"}],"wp:term":[{"taxonomy":"product_brand","embeddable":true,"href":"https:\/\/aramiso-test.verteco.app\/index.php?rest_route=%2Fwp%2Fv2%2Fproduct_brand&post=8553"},{"taxonomy":"product_cat","embeddable":true,"href":"https:\/\/aramiso-test.verteco.app\/index.php?rest_route=%2Fwp%2Fv2%2Fproduct_cat&post=8553"},{"taxonomy":"product_tag","embeddable":true,"href":"https:\/\/aramiso-test.verteco.app\/index.php?rest_route=%2Fwp%2Fv2%2Fproduct_tag&post=8553"}],"curies":[{"name":"wp","href":"https:\/\/api.w.org\/{rel}","templated":true}]}}