{"id":8552,"date":"2025-08-25T11:06:46","date_gmt":"2025-08-25T11:06:46","guid":{"rendered":"https:\/\/aramiso-test.verteco.app\/?product=obojstranna-lepiaca-paska-t-0205mm-9mmx50m"},"modified":"2025-08-25T11:06:46","modified_gmt":"2025-08-25T11:06:46","slug":"obojstranna-lepiaca-paska-t-0205mm-9mmx50m","status":"publish","type":"product","link":"https:\/\/aramiso-test.verteco.app\/?product=obojstranna-lepiaca-paska-t-0205mm-9mmx50m","title":{"rendered":"Obojstrann\u00e1 lepiaca p\u00e1ska, T 0,205mm\/9mmx50m"},"content":{"rendered":"<p>T\u00e1to obojstrann\u00e1 p\u00e1ska sa sklad\u00e1 z polyesterov\u00e9ho filmov\u00e9ho nosi\u010da, ktor\u00fd je na oboch stran\u00e1ch navrstven\u00fd a modifikovan\u00e9 rozp\u00fa\u0161\u0165adlov\u00e9 akrylov\u00e9 lepidlo.<br \/>\nM\u00e1 ve\u013emi dobr\u00fa odolnos\u0165 vo\u010di UV \u017eiareniu, extr\u00e9mnym teplot\u00e1m, chemik\u00e1liam, rozp\u00fa\u0161\u0165adl\u00e1m a vlhkosti.<br \/>\nOdoln\u00e1 pri\u013enavos\u0165 m\u00e1 vynikaj\u00facu trvanlivos\u0165 pri pripevnen\u00ed na kov, lak a vysoko energetick\u00e9 povrchy.<br \/>\nV\u010faka v\u00e4\u010d\u0161ej hr\u00fabke lepiacej p\u00e1sky (0,205 milimetrov), lep\u00ed dobre aj hrub\u0161ie povrchy.<br \/>\nPre v\u0161eobecn\u00e9 pou\u017eitie a vysok\u00e9 n\u00e1roky na lepen\u00fd spoj v exteri\u00e9ri aj interi\u00e9ri.<br \/> <br \/>\nHr\u00fabka: 205 mikr\u00f3nov<br \/>\nTeplotn\u00e1 odolnos\u0165: -40\u00b0C a\u017e +150\u00b0C Kr\u00e1tkodobo: 180\u00b0C<br \/>\nD\u013a\u017eka jednej role je 50 m.<\/p>\n","protected":false},"excerpt":{"rendered":"<p>T\u00e1to obojstrann\u00e1 p\u00e1ska sa sklad\u00e1 z polyesterov\u00e9ho filmov\u00e9ho nosi\u010da, ktor\u00fd je na oboch stran\u00e1ch navrstven\u00fd a modifikovan\u00e9 rozp\u00fa\u0161\u0165adlov\u00e9 akrylov\u00e9 lepidlo. M\u00e1 ve\u013emi dobr\u00fa odolnos\u0165 vo\u010di UV \u017eiareniu, extr\u00e9mnym teplot\u00e1m, chemik\u00e1liam, rozp\u00fa\u0161\u0165adl\u00e1m a vlhkosti. Odoln\u00e1 pri\u013enavos\u0165 m\u00e1 vynikaj\u00facu trvanlivos\u0165 pri pripevnen\u00ed na kov, lak a vysoko energetick\u00e9 povrchy. V\u010faka v\u00e4\u010d\u0161ej hr\u00fabke lepiacej p\u00e1sky (0,205 milimetrov), lep\u00ed [&hellip;]<\/p>\n","protected":false},"featured_media":0,"comment_status":"closed","ping_status":"open","template":"","meta":[],"product_brand":[],"product_cat":[15],"product_tag":[],"class_list":{"0":"post-8552","1":"product","2":"type-product","3":"status-publish","5":"product_cat-uncategorized","7":"first","8":"onbackorder","9":"sale","10":"purchasable","11":"product-type-simple"},"_links":{"self":[{"href":"https:\/\/aramiso-test.verteco.app\/index.php?rest_route=\/wp\/v2\/product\/8552","targetHints":{"allow":["GET"]}}],"collection":[{"href":"https:\/\/aramiso-test.verteco.app\/index.php?rest_route=\/wp\/v2\/product"}],"about":[{"href":"https:\/\/aramiso-test.verteco.app\/index.php?rest_route=\/wp\/v2\/types\/product"}],"replies":[{"embeddable":true,"href":"https:\/\/aramiso-test.verteco.app\/index.php?rest_route=%2Fwp%2Fv2%2Fcomments&post=8552"}],"wp:attachment":[{"href":"https:\/\/aramiso-test.verteco.app\/index.php?rest_route=%2Fwp%2Fv2%2Fmedia&parent=8552"}],"wp:term":[{"taxonomy":"product_brand","embeddable":true,"href":"https:\/\/aramiso-test.verteco.app\/index.php?rest_route=%2Fwp%2Fv2%2Fproduct_brand&post=8552"},{"taxonomy":"product_cat","embeddable":true,"href":"https:\/\/aramiso-test.verteco.app\/index.php?rest_route=%2Fwp%2Fv2%2Fproduct_cat&post=8552"},{"taxonomy":"product_tag","embeddable":true,"href":"https:\/\/aramiso-test.verteco.app\/index.php?rest_route=%2Fwp%2Fv2%2Fproduct_tag&post=8552"}],"curies":[{"name":"wp","href":"https:\/\/api.w.org\/{rel}","templated":true}]}}