{"id":8550,"date":"2025-10-26T12:12:15","date_gmt":"2025-10-26T12:12:15","guid":{"rendered":"https:\/\/aramiso-test.verteco.app\/?product=zaslepka-pre-al-profil-pvc-d25mm"},"modified":"2025-10-26T12:12:23","modified_gmt":"2025-10-26T12:12:23","slug":"zaslepka-pre-al-profil-pvc-d25mm","status":"publish","type":"product","link":"https:\/\/aramiso-test.verteco.app\/?product=zaslepka-pre-al-profil-pvc-d25mm","title":{"rendered":"Z\u00e1slepka pre AL profil, PVC, D25mm"},"content":{"rendered":"<p>PVC z\u00e1slepka na zakrytie kotviacich otvorov z poh\u013eadovej strany pre AL li\u0161tu kotven\u00fa z boku.<br \/>\nJe vyroben\u00e1 z polyamidu 66, zn\u00e1meho aj ako PA66.<br \/>\nT\u00e1to z\u00e1tka sa d\u00e1 \u013eahko zatla\u010di\u0165 do vytvoren\u00fdch otvorov na ochrann\u00e9 alebo estetick\u00e9 \u00fa\u010dely, pr\u00edruba z\u00e1tky umo\u017e\u0148uje \u013eahk\u00e9 odstr\u00e1nenie, a d\u00e1 sa teda \u013eahko znovu pou\u017ei\u0165.<\/p>\n","protected":false},"excerpt":{"rendered":"<p>Materi\u00e1l: Plast, D: 25, d: 30<\/p>\n","protected":false},"featured_media":0,"comment_status":"closed","ping_status":"open","template":"","meta":[],"product_brand":[],"product_cat":[15],"product_tag":[],"class_list":{"0":"post-8550","1":"product","2":"type-product","3":"status-publish","5":"product_cat-uncategorized","7":"first","8":"onbackorder","9":"sale","10":"purchasable","11":"product-type-simple"},"_links":{"self":[{"href":"https:\/\/aramiso-test.verteco.app\/index.php?rest_route=\/wp\/v2\/product\/8550","targetHints":{"allow":["GET"]}}],"collection":[{"href":"https:\/\/aramiso-test.verteco.app\/index.php?rest_route=\/wp\/v2\/product"}],"about":[{"href":"https:\/\/aramiso-test.verteco.app\/index.php?rest_route=\/wp\/v2\/types\/product"}],"replies":[{"embeddable":true,"href":"https:\/\/aramiso-test.verteco.app\/index.php?rest_route=%2Fwp%2Fv2%2Fcomments&post=8550"}],"wp:attachment":[{"href":"https:\/\/aramiso-test.verteco.app\/index.php?rest_route=%2Fwp%2Fv2%2Fmedia&parent=8550"}],"wp:term":[{"taxonomy":"product_brand","embeddable":true,"href":"https:\/\/aramiso-test.verteco.app\/index.php?rest_route=%2Fwp%2Fv2%2Fproduct_brand&post=8550"},{"taxonomy":"product_cat","embeddable":true,"href":"https:\/\/aramiso-test.verteco.app\/index.php?rest_route=%2Fwp%2Fv2%2Fproduct_cat&post=8550"},{"taxonomy":"product_tag","embeddable":true,"href":"https:\/\/aramiso-test.verteco.app\/index.php?rest_route=%2Fwp%2Fv2%2Fproduct_tag&post=8550"}],"curies":[{"name":"wp","href":"https:\/\/api.w.org\/{rel}","templated":true}]}}