{"id":8541,"date":"2025-10-26T12:12:15","date_gmt":"2025-10-26T12:12:15","guid":{"rendered":"https:\/\/aramiso-test.verteco.app\/?product=pvc-kotviaci-klin-pre-sklo-3"},"modified":"2025-10-26T12:12:16","modified_gmt":"2025-10-26T12:12:16","slug":"pvc-kotviaci-klin-pre-sklo-3","status":"publish","type":"product","link":"https:\/\/aramiso-test.verteco.app\/?product=pvc-kotviaci-klin-pre-sklo-3","title":{"rendered":"PVC Kotviaci klin pre sklo"},"content":{"rendered":"<p>Klin kotviaci plastov\u00fd pre profily AL\/0004, AL\/0005, AL\/0006, AL\/0011.<\/p>\n","protected":false},"excerpt":{"rendered":"<p>Materi\u00e1l: Plast, Glass t: 17,52, Vzh\u013ead: Siv\u00e1, L: 75, Pou\u017eitie: Interi\u00e9r, Exteri\u00e9r, B: 9,5, H: 60<\/p>\n","protected":false},"featured_media":0,"comment_status":"closed","ping_status":"open","template":"","meta":[],"product_brand":[],"product_cat":[15],"product_tag":[],"class_list":{"0":"post-8541","1":"product","2":"type-product","3":"status-publish","5":"product_cat-uncategorized","7":"first","8":"onbackorder","9":"sale","10":"purchasable","11":"product-type-simple"},"_links":{"self":[{"href":"https:\/\/aramiso-test.verteco.app\/index.php?rest_route=\/wp\/v2\/product\/8541","targetHints":{"allow":["GET"]}}],"collection":[{"href":"https:\/\/aramiso-test.verteco.app\/index.php?rest_route=\/wp\/v2\/product"}],"about":[{"href":"https:\/\/aramiso-test.verteco.app\/index.php?rest_route=\/wp\/v2\/types\/product"}],"replies":[{"embeddable":true,"href":"https:\/\/aramiso-test.verteco.app\/index.php?rest_route=%2Fwp%2Fv2%2Fcomments&post=8541"}],"wp:attachment":[{"href":"https:\/\/aramiso-test.verteco.app\/index.php?rest_route=%2Fwp%2Fv2%2Fmedia&parent=8541"}],"wp:term":[{"taxonomy":"product_brand","embeddable":true,"href":"https:\/\/aramiso-test.verteco.app\/index.php?rest_route=%2Fwp%2Fv2%2Fproduct_brand&post=8541"},{"taxonomy":"product_cat","embeddable":true,"href":"https:\/\/aramiso-test.verteco.app\/index.php?rest_route=%2Fwp%2Fv2%2Fproduct_cat&post=8541"},{"taxonomy":"product_tag","embeddable":true,"href":"https:\/\/aramiso-test.verteco.app\/index.php?rest_route=%2Fwp%2Fv2%2Fproduct_tag&post=8541"}],"curies":[{"name":"wp","href":"https:\/\/api.w.org\/{rel}","templated":true}]}}