{"id":8538,"date":"2025-08-03T11:36:37","date_gmt":"2025-08-03T11:36:37","guid":{"rendered":"https:\/\/aramiso-test.verteco.app\/?product=al-profil-vymedzovacia-podlozka"},"modified":"2025-08-03T11:36:39","modified_gmt":"2025-08-03T11:36:39","slug":"al-profil-vymedzovacia-podlozka","status":"publish","type":"product","link":"https:\/\/aramiso-test.verteco.app\/?product=al-profil-vymedzovacia-podlozka","title":{"rendered":"AL-profil, vymedzovacia podlo\u017eka"},"content":{"rendered":"<p>Podlo\u017eka vymedzovacia k nastavite\u013enemu setu A19\/0012 pre sklo 17,52mm. Rozmer 100x84mm, hr\u00fabka 4mm.<\/p>\n","protected":false},"excerpt":{"rendered":"<p>Materi\u00e1l: PVC, t: 4, A: 100, b: 84<\/p>\n","protected":false},"featured_media":0,"comment_status":"closed","ping_status":"open","template":"","meta":[],"product_brand":[],"product_cat":[15],"product_tag":[],"class_list":{"0":"post-8538","1":"product","2":"type-product","3":"status-publish","5":"product_cat-uncategorized","7":"first","8":"onbackorder","9":"sale","10":"purchasable","11":"product-type-simple"},"_links":{"self":[{"href":"https:\/\/aramiso-test.verteco.app\/index.php?rest_route=\/wp\/v2\/product\/8538","targetHints":{"allow":["GET"]}}],"collection":[{"href":"https:\/\/aramiso-test.verteco.app\/index.php?rest_route=\/wp\/v2\/product"}],"about":[{"href":"https:\/\/aramiso-test.verteco.app\/index.php?rest_route=\/wp\/v2\/types\/product"}],"replies":[{"embeddable":true,"href":"https:\/\/aramiso-test.verteco.app\/index.php?rest_route=%2Fwp%2Fv2%2Fcomments&post=8538"}],"wp:attachment":[{"href":"https:\/\/aramiso-test.verteco.app\/index.php?rest_route=%2Fwp%2Fv2%2Fmedia&parent=8538"}],"wp:term":[{"taxonomy":"product_brand","embeddable":true,"href":"https:\/\/aramiso-test.verteco.app\/index.php?rest_route=%2Fwp%2Fv2%2Fproduct_brand&post=8538"},{"taxonomy":"product_cat","embeddable":true,"href":"https:\/\/aramiso-test.verteco.app\/index.php?rest_route=%2Fwp%2Fv2%2Fproduct_cat&post=8538"},{"taxonomy":"product_tag","embeddable":true,"href":"https:\/\/aramiso-test.verteco.app\/index.php?rest_route=%2Fwp%2Fv2%2Fproduct_tag&post=8538"}],"curies":[{"name":"wp","href":"https:\/\/api.w.org\/{rel}","templated":true}]}}