{"id":8536,"date":"2025-10-26T12:10:53","date_gmt":"2025-10-26T12:10:53","guid":{"rendered":"https:\/\/aramiso-test.verteco.app\/?product=pvc-tesnenie-plast"},"modified":"2025-10-26T12:10:54","modified_gmt":"2025-10-26T12:10:54","slug":"pvc-tesnenie-plast","status":"publish","type":"product","link":"https:\/\/aramiso-test.verteco.app\/?product=pvc-tesnenie-plast","title":{"rendered":"PVC tesnenie Plast"},"content":{"rendered":"<p>Podlo\u017eka plastov\u00e1 pod sklo do profilov AL\/0004 a AL\/0005, Al\/0006, AL\/0011, odtie\u0148 RAL9006<\/p>\n","protected":false},"excerpt":{"rendered":"<p>Materi\u00e1l: Plast, Povrchov\u00e1 \u00faprava: Natural, Vzh\u013ead: Siv\u00e1<\/p>\n","protected":false},"featured_media":0,"comment_status":"closed","ping_status":"open","template":"","meta":[],"product_brand":[],"product_cat":[15],"product_tag":[],"class_list":{"0":"post-8536","1":"product","2":"type-product","3":"status-publish","5":"product_cat-uncategorized","7":"first","8":"onbackorder","9":"sale","10":"purchasable","11":"product-type-simple"},"_links":{"self":[{"href":"https:\/\/aramiso-test.verteco.app\/index.php?rest_route=\/wp\/v2\/product\/8536","targetHints":{"allow":["GET"]}}],"collection":[{"href":"https:\/\/aramiso-test.verteco.app\/index.php?rest_route=\/wp\/v2\/product"}],"about":[{"href":"https:\/\/aramiso-test.verteco.app\/index.php?rest_route=\/wp\/v2\/types\/product"}],"replies":[{"embeddable":true,"href":"https:\/\/aramiso-test.verteco.app\/index.php?rest_route=%2Fwp%2Fv2%2Fcomments&post=8536"}],"wp:attachment":[{"href":"https:\/\/aramiso-test.verteco.app\/index.php?rest_route=%2Fwp%2Fv2%2Fmedia&parent=8536"}],"wp:term":[{"taxonomy":"product_brand","embeddable":true,"href":"https:\/\/aramiso-test.verteco.app\/index.php?rest_route=%2Fwp%2Fv2%2Fproduct_brand&post=8536"},{"taxonomy":"product_cat","embeddable":true,"href":"https:\/\/aramiso-test.verteco.app\/index.php?rest_route=%2Fwp%2Fv2%2Fproduct_cat&post=8536"},{"taxonomy":"product_tag","embeddable":true,"href":"https:\/\/aramiso-test.verteco.app\/index.php?rest_route=%2Fwp%2Fv2%2Fproduct_tag&post=8536"}],"curies":[{"name":"wp","href":"https:\/\/api.w.org\/{rel}","templated":true}]}}