{"id":8521,"date":"2025-08-03T11:36:19","date_gmt":"2025-08-03T11:36:19","guid":{"rendered":"https:\/\/aramiso-test.verteco.app\/?product=tesnenie-skla-10"},"modified":"2025-08-03T11:36:25","modified_gmt":"2025-08-03T11:36:25","slug":"tesnenie-skla-10","status":"publish","type":"product","link":"https:\/\/aramiso-test.verteco.app\/?product=tesnenie-skla-10","title":{"rendered":"Tesnenie skla"},"content":{"rendered":"","protected":false},"excerpt":{"rendered":"<p>Materi\u00e1l: EPDM, Glass t: 20,76-21,52, V\u00fdpl\u0148: Sklo, Vzh\u013ead: \u010cierna, L: 2500, Pou\u017eitie: Exteri\u00e9r, A: 12, B: 8,7<\/p>\n","protected":false},"featured_media":0,"comment_status":"closed","ping_status":"open","template":"","meta":[],"product_brand":[],"product_cat":[15],"product_tag":[],"class_list":{"0":"post-8521","1":"product","2":"type-product","3":"status-publish","5":"product_cat-uncategorized","7":"first","8":"onbackorder","9":"sale","10":"purchasable","11":"product-type-simple"},"_links":{"self":[{"href":"https:\/\/aramiso-test.verteco.app\/index.php?rest_route=\/wp\/v2\/product\/8521","targetHints":{"allow":["GET"]}}],"collection":[{"href":"https:\/\/aramiso-test.verteco.app\/index.php?rest_route=\/wp\/v2\/product"}],"about":[{"href":"https:\/\/aramiso-test.verteco.app\/index.php?rest_route=\/wp\/v2\/types\/product"}],"replies":[{"embeddable":true,"href":"https:\/\/aramiso-test.verteco.app\/index.php?rest_route=%2Fwp%2Fv2%2Fcomments&post=8521"}],"wp:attachment":[{"href":"https:\/\/aramiso-test.verteco.app\/index.php?rest_route=%2Fwp%2Fv2%2Fmedia&parent=8521"}],"wp:term":[{"taxonomy":"product_brand","embeddable":true,"href":"https:\/\/aramiso-test.verteco.app\/index.php?rest_route=%2Fwp%2Fv2%2Fproduct_brand&post=8521"},{"taxonomy":"product_cat","embeddable":true,"href":"https:\/\/aramiso-test.verteco.app\/index.php?rest_route=%2Fwp%2Fv2%2Fproduct_cat&post=8521"},{"taxonomy":"product_tag","embeddable":true,"href":"https:\/\/aramiso-test.verteco.app\/index.php?rest_route=%2Fwp%2Fv2%2Fproduct_tag&post=8521"}],"curies":[{"name":"wp","href":"https:\/\/api.w.org\/{rel}","templated":true}]}}