{"id":8518,"date":"2025-10-26T12:10:53","date_gmt":"2025-10-26T12:10:53","guid":{"rendered":"https:\/\/aramiso-test.verteco.app\/?product=zarazka-skla-do-al-profilu"},"modified":"2025-10-26T12:10:56","modified_gmt":"2025-10-26T12:10:56","slug":"zarazka-skla-do-al-profilu","status":"publish","type":"product","link":"https:\/\/aramiso-test.verteco.app\/?product=zarazka-skla-do-al-profilu","title":{"rendered":"Zar\u00e1\u017eka skla do AL profilu"},"content":{"rendered":"<p>Zar\u00e1\u017eka skla do hlin\u00edkov\u00e9ho profilu. Pou\u017e\u00edva sa na mechanick\u00e9 zainstenie skla na \u0161irmej ploche. Maxim\u00e1lny sklon z\u00e1bradlia je 25\u00b0.<\/p>\n","protected":false},"excerpt":{"rendered":"<p>Materi\u00e1l: Plast, Glass t: 12,00-21,52, V\u00fdpl\u0148: Sklo, Vzh\u013ead: Siv\u00e1, Pou\u017eitie: Kotvenie<\/p>\n","protected":false},"featured_media":0,"comment_status":"closed","ping_status":"open","template":"","meta":[],"product_brand":[],"product_cat":[15],"product_tag":[],"class_list":{"0":"post-8518","1":"product","2":"type-product","3":"status-publish","5":"product_cat-uncategorized","7":"first","8":"onbackorder","9":"sale","10":"purchasable","11":"product-type-simple"},"_links":{"self":[{"href":"https:\/\/aramiso-test.verteco.app\/index.php?rest_route=\/wp\/v2\/product\/8518","targetHints":{"allow":["GET"]}}],"collection":[{"href":"https:\/\/aramiso-test.verteco.app\/index.php?rest_route=\/wp\/v2\/product"}],"about":[{"href":"https:\/\/aramiso-test.verteco.app\/index.php?rest_route=\/wp\/v2\/types\/product"}],"replies":[{"embeddable":true,"href":"https:\/\/aramiso-test.verteco.app\/index.php?rest_route=%2Fwp%2Fv2%2Fcomments&post=8518"}],"wp:attachment":[{"href":"https:\/\/aramiso-test.verteco.app\/index.php?rest_route=%2Fwp%2Fv2%2Fmedia&parent=8518"}],"wp:term":[{"taxonomy":"product_brand","embeddable":true,"href":"https:\/\/aramiso-test.verteco.app\/index.php?rest_route=%2Fwp%2Fv2%2Fproduct_brand&post=8518"},{"taxonomy":"product_cat","embeddable":true,"href":"https:\/\/aramiso-test.verteco.app\/index.php?rest_route=%2Fwp%2Fv2%2Fproduct_cat&post=8518"},{"taxonomy":"product_tag","embeddable":true,"href":"https:\/\/aramiso-test.verteco.app\/index.php?rest_route=%2Fwp%2Fv2%2Fproduct_tag&post=8518"}],"curies":[{"name":"wp","href":"https:\/\/api.w.org\/{rel}","templated":true}]}}