{"id":8506,"date":"2025-08-03T11:36:02","date_gmt":"2025-08-03T11:36:02","guid":{"rendered":"https:\/\/aramiso-test.verteco.app\/?product=kotviaci-klin-pre-sklo-2"},"modified":"2025-08-03T11:36:12","modified_gmt":"2025-08-03T11:36:12","slug":"kotviaci-klin-pre-sklo-2","status":"publish","type":"product","link":"https:\/\/aramiso-test.verteco.app\/?product=kotviaci-klin-pre-sklo-2","title":{"rendered":"Kotviaci klin pre sklo"},"content":{"rendered":"<p>Kotviaci klin pre hlin\u00edkov\u00fd profil AL\/0004-PRO&#8230;, pre sklo 20,76mm &#8211; FIX1, pre sklo 24,76mm &#8211; FIX2<\/p>\n","protected":false},"excerpt":{"rendered":"<p>Materi\u00e1l: Plast, Glass t: 24,76\/20,76, Vzh\u013ead: Siv\u00e1, L: 75, Pou\u017eitie: Interi\u00e9r, Exteri\u00e9r, H: 60<\/p>\n","protected":false},"featured_media":0,"comment_status":"closed","ping_status":"open","template":"","meta":[],"product_brand":[],"product_cat":[15],"product_tag":[],"class_list":{"0":"post-8506","1":"product","2":"type-product","3":"status-publish","5":"product_cat-uncategorized","7":"first","8":"onbackorder","9":"sale","10":"purchasable","11":"product-type-simple"},"_links":{"self":[{"href":"https:\/\/aramiso-test.verteco.app\/index.php?rest_route=\/wp\/v2\/product\/8506","targetHints":{"allow":["GET"]}}],"collection":[{"href":"https:\/\/aramiso-test.verteco.app\/index.php?rest_route=\/wp\/v2\/product"}],"about":[{"href":"https:\/\/aramiso-test.verteco.app\/index.php?rest_route=\/wp\/v2\/types\/product"}],"replies":[{"embeddable":true,"href":"https:\/\/aramiso-test.verteco.app\/index.php?rest_route=%2Fwp%2Fv2%2Fcomments&post=8506"}],"wp:attachment":[{"href":"https:\/\/aramiso-test.verteco.app\/index.php?rest_route=%2Fwp%2Fv2%2Fmedia&parent=8506"}],"wp:term":[{"taxonomy":"product_brand","embeddable":true,"href":"https:\/\/aramiso-test.verteco.app\/index.php?rest_route=%2Fwp%2Fv2%2Fproduct_brand&post=8506"},{"taxonomy":"product_cat","embeddable":true,"href":"https:\/\/aramiso-test.verteco.app\/index.php?rest_route=%2Fwp%2Fv2%2Fproduct_cat&post=8506"},{"taxonomy":"product_tag","embeddable":true,"href":"https:\/\/aramiso-test.verteco.app\/index.php?rest_route=%2Fwp%2Fv2%2Fproduct_tag&post=8506"}],"curies":[{"name":"wp","href":"https:\/\/api.w.org\/{rel}","templated":true}]}}