{"id":8490,"date":"2025-08-03T11:34:56","date_gmt":"2025-08-03T11:34:56","guid":{"rendered":"https:\/\/aramiso-test.verteco.app\/?product=kotviaci-klin-pre-pristresok-pr7-2"},"modified":"2025-08-03T11:35:13","modified_gmt":"2025-08-03T11:35:13","slug":"kotviaci-klin-pre-pristresok-pr7-2","status":"publish","type":"product","link":"https:\/\/aramiso-test.verteco.app\/?product=kotviaci-klin-pre-pristresok-pr7-2","title":{"rendered":"Kotviaci klin pre pr\u00edstre\u0161ok PR7"},"content":{"rendered":"<p>Kotviaci klin pre pr\u00edstre\u0161ok PR7<\/p>\n","protected":false},"excerpt":{"rendered":"<p>Materi\u00e1l: ABS, Povrchov\u00e1 \u00faprava: Natural<\/p>\n","protected":false},"featured_media":0,"comment_status":"closed","ping_status":"open","template":"","meta":[],"product_brand":[],"product_cat":[15],"product_tag":[],"class_list":{"0":"post-8490","1":"product","2":"type-product","3":"status-publish","5":"product_cat-uncategorized","7":"first","8":"onbackorder","9":"sale","10":"purchasable","11":"product-type-simple"},"_links":{"self":[{"href":"https:\/\/aramiso-test.verteco.app\/index.php?rest_route=\/wp\/v2\/product\/8490","targetHints":{"allow":["GET"]}}],"collection":[{"href":"https:\/\/aramiso-test.verteco.app\/index.php?rest_route=\/wp\/v2\/product"}],"about":[{"href":"https:\/\/aramiso-test.verteco.app\/index.php?rest_route=\/wp\/v2\/types\/product"}],"replies":[{"embeddable":true,"href":"https:\/\/aramiso-test.verteco.app\/index.php?rest_route=%2Fwp%2Fv2%2Fcomments&post=8490"}],"wp:attachment":[{"href":"https:\/\/aramiso-test.verteco.app\/index.php?rest_route=%2Fwp%2Fv2%2Fmedia&parent=8490"}],"wp:term":[{"taxonomy":"product_brand","embeddable":true,"href":"https:\/\/aramiso-test.verteco.app\/index.php?rest_route=%2Fwp%2Fv2%2Fproduct_brand&post=8490"},{"taxonomy":"product_cat","embeddable":true,"href":"https:\/\/aramiso-test.verteco.app\/index.php?rest_route=%2Fwp%2Fv2%2Fproduct_cat&post=8490"},{"taxonomy":"product_tag","embeddable":true,"href":"https:\/\/aramiso-test.verteco.app\/index.php?rest_route=%2Fwp%2Fv2%2Fproduct_tag&post=8490"}],"curies":[{"name":"wp","href":"https:\/\/api.w.org\/{rel}","templated":true}]}}