{"id":8481,"date":"2025-10-26T12:10:57","date_gmt":"2025-10-26T12:10:57","guid":{"rendered":"https:\/\/aramiso-test.verteco.app\/?product=nastavitelny-set-pre-kotvenie-skla-ucko-6"},"modified":"2025-10-26T12:11:02","modified_gmt":"2025-10-26T12:11:02","slug":"nastavitelny-set-pre-kotvenie-skla-ucko-6","status":"publish","type":"product","link":"https:\/\/aramiso-test.verteco.app\/?product=nastavitelny-set-pre-kotvenie-skla-ucko-6","title":{"rendered":"Nastavite\u013en\u00fd set pre kotvenie skla &#8211; \u00fa\u010dko"},"content":{"rendered":"<p>10ks v balen\u00ed<\/p>\n","protected":false},"excerpt":{"rendered":"<p>Materi\u00e1l: PA66 Natural, V\u00fdpl\u0148: Sklo, Pou\u017eitie: Interi\u00e9r, Exteri\u00e9r<\/p>\n","protected":false},"featured_media":0,"comment_status":"closed","ping_status":"open","template":"","meta":[],"product_brand":[],"product_cat":[15],"product_tag":[],"class_list":{"0":"post-8481","1":"product","2":"type-product","3":"status-publish","5":"product_cat-uncategorized","7":"first","8":"onbackorder","9":"sale","10":"purchasable","11":"product-type-simple"},"_links":{"self":[{"href":"https:\/\/aramiso-test.verteco.app\/index.php?rest_route=\/wp\/v2\/product\/8481","targetHints":{"allow":["GET"]}}],"collection":[{"href":"https:\/\/aramiso-test.verteco.app\/index.php?rest_route=\/wp\/v2\/product"}],"about":[{"href":"https:\/\/aramiso-test.verteco.app\/index.php?rest_route=\/wp\/v2\/types\/product"}],"replies":[{"embeddable":true,"href":"https:\/\/aramiso-test.verteco.app\/index.php?rest_route=%2Fwp%2Fv2%2Fcomments&post=8481"}],"wp:attachment":[{"href":"https:\/\/aramiso-test.verteco.app\/index.php?rest_route=%2Fwp%2Fv2%2Fmedia&parent=8481"}],"wp:term":[{"taxonomy":"product_brand","embeddable":true,"href":"https:\/\/aramiso-test.verteco.app\/index.php?rest_route=%2Fwp%2Fv2%2Fproduct_brand&post=8481"},{"taxonomy":"product_cat","embeddable":true,"href":"https:\/\/aramiso-test.verteco.app\/index.php?rest_route=%2Fwp%2Fv2%2Fproduct_cat&post=8481"},{"taxonomy":"product_tag","embeddable":true,"href":"https:\/\/aramiso-test.verteco.app\/index.php?rest_route=%2Fwp%2Fv2%2Fproduct_tag&post=8481"}],"curies":[{"name":"wp","href":"https:\/\/api.w.org\/{rel}","templated":true}]}}