{"id":8442,"date":"2025-08-03T11:34:19","date_gmt":"2025-08-03T11:34:19","guid":{"rendered":"https:\/\/aramiso-test.verteco.app\/?product=set-nastavitelne-kotvenie-skla-30"},"modified":"2025-08-03T11:34:27","modified_gmt":"2025-08-03T11:34:27","slug":"set-nastavitelne-kotvenie-skla-30","status":"publish","type":"product","link":"https:\/\/aramiso-test.verteco.app\/?product=set-nastavitelne-kotvenie-skla-30","title":{"rendered":"Set &#8211; nastavite\u013en\u00e9 kotvenie skla"},"content":{"rendered":"","protected":false},"excerpt":{"rendered":"<p>Materi\u00e1l: EPDM\/Plast, V\u00fdpl\u0148: Sklo, Glass t: 21,52, L: 2500, Pou\u017eitie: Kotvenie<\/p>\n","protected":false},"featured_media":0,"comment_status":"closed","ping_status":"open","template":"","meta":[],"product_brand":[],"product_cat":[15],"product_tag":[],"class_list":{"0":"post-8442","1":"product","2":"type-product","3":"status-publish","5":"product_cat-uncategorized","7":"first","8":"instock","9":"sale","10":"purchasable","11":"product-type-simple"},"_links":{"self":[{"href":"https:\/\/aramiso-test.verteco.app\/index.php?rest_route=\/wp\/v2\/product\/8442","targetHints":{"allow":["GET"]}}],"collection":[{"href":"https:\/\/aramiso-test.verteco.app\/index.php?rest_route=\/wp\/v2\/product"}],"about":[{"href":"https:\/\/aramiso-test.verteco.app\/index.php?rest_route=\/wp\/v2\/types\/product"}],"replies":[{"embeddable":true,"href":"https:\/\/aramiso-test.verteco.app\/index.php?rest_route=%2Fwp%2Fv2%2Fcomments&post=8442"}],"wp:attachment":[{"href":"https:\/\/aramiso-test.verteco.app\/index.php?rest_route=%2Fwp%2Fv2%2Fmedia&parent=8442"}],"wp:term":[{"taxonomy":"product_brand","embeddable":true,"href":"https:\/\/aramiso-test.verteco.app\/index.php?rest_route=%2Fwp%2Fv2%2Fproduct_brand&post=8442"},{"taxonomy":"product_cat","embeddable":true,"href":"https:\/\/aramiso-test.verteco.app\/index.php?rest_route=%2Fwp%2Fv2%2Fproduct_cat&post=8442"},{"taxonomy":"product_tag","embeddable":true,"href":"https:\/\/aramiso-test.verteco.app\/index.php?rest_route=%2Fwp%2Fv2%2Fproduct_tag&post=8442"}],"curies":[{"name":"wp","href":"https:\/\/api.w.org\/{rel}","templated":true}]}}