{"id":8410,"date":"2025-10-26T12:10:20","date_gmt":"2025-10-26T12:10:20","guid":{"rendered":"https:\/\/aramiso-test.verteco.app\/?product=set-kotvenie-skla-2"},"modified":"2025-10-26T12:10:23","modified_gmt":"2025-10-26T12:10:23","slug":"set-kotvenie-skla-2","status":"publish","type":"product","link":"https:\/\/aramiso-test.verteco.app\/?product=set-kotvenie-skla-2","title":{"rendered":"Set &#8211; kotvenie skla"},"content":{"rendered":"<p>Glass t: pre up\u00ednac\u00ed syst\u00e9m FIX1: 20,76<\/p>\n","protected":false},"excerpt":{"rendered":"<p>Materi\u00e1l: EPDM\/Plast, V\u00fdpl\u0148: Sklo, Glass t: 20,76, L: 5000, Pou\u017eitie: Kotvenie<\/p>\n","protected":false},"featured_media":0,"comment_status":"closed","ping_status":"open","template":"","meta":[],"product_brand":[],"product_cat":[15],"product_tag":[],"class_list":{"0":"post-8410","1":"product","2":"type-product","3":"status-publish","5":"product_cat-uncategorized","7":"first","8":"instock","9":"sale","10":"purchasable","11":"product-type-simple"},"_links":{"self":[{"href":"https:\/\/aramiso-test.verteco.app\/index.php?rest_route=\/wp\/v2\/product\/8410","targetHints":{"allow":["GET"]}}],"collection":[{"href":"https:\/\/aramiso-test.verteco.app\/index.php?rest_route=\/wp\/v2\/product"}],"about":[{"href":"https:\/\/aramiso-test.verteco.app\/index.php?rest_route=\/wp\/v2\/types\/product"}],"replies":[{"embeddable":true,"href":"https:\/\/aramiso-test.verteco.app\/index.php?rest_route=%2Fwp%2Fv2%2Fcomments&post=8410"}],"wp:attachment":[{"href":"https:\/\/aramiso-test.verteco.app\/index.php?rest_route=%2Fwp%2Fv2%2Fmedia&parent=8410"}],"wp:term":[{"taxonomy":"product_brand","embeddable":true,"href":"https:\/\/aramiso-test.verteco.app\/index.php?rest_route=%2Fwp%2Fv2%2Fproduct_brand&post=8410"},{"taxonomy":"product_cat","embeddable":true,"href":"https:\/\/aramiso-test.verteco.app\/index.php?rest_route=%2Fwp%2Fv2%2Fproduct_cat&post=8410"},{"taxonomy":"product_tag","embeddable":true,"href":"https:\/\/aramiso-test.verteco.app\/index.php?rest_route=%2Fwp%2Fv2%2Fproduct_tag&post=8410"}],"curies":[{"name":"wp","href":"https:\/\/api.w.org\/{rel}","templated":true}]}}