{"id":8390,"date":"2025-08-03T11:32:36","date_gmt":"2025-08-03T11:32:36","guid":{"rendered":"https:\/\/aramiso-test.verteco.app\/?product=nastavitelny-set-pre-sklo"},"modified":"2025-08-03T11:32:51","modified_gmt":"2025-08-03T11:32:51","slug":"nastavitelny-set-pre-sklo","status":"publish","type":"product","link":"https:\/\/aramiso-test.verteco.app\/?product=nastavitelny-set-pre-sklo","title":{"rendered":"Nastavite\u013en\u00fd set pre sklo"},"content":{"rendered":"<p>Nastavite\u013en\u00fd set pre sklo 21,52mm. Pre sklo 17,52mm je nutne pou\u017ei\u0165 vymedzovaciu podlo\u017eku A19\/0012-pad.<\/p>\n","protected":false},"excerpt":{"rendered":"<p>Glass t: 17,52-21,52, L: 100, b: 11<\/p>\n","protected":false},"featured_media":0,"comment_status":"closed","ping_status":"open","template":"","meta":[],"product_brand":[],"product_cat":[15],"product_tag":[],"class_list":{"0":"post-8390","1":"product","2":"type-product","3":"status-publish","5":"product_cat-uncategorized","7":"first","8":"onbackorder","9":"sale","10":"purchasable","11":"product-type-simple"},"_links":{"self":[{"href":"https:\/\/aramiso-test.verteco.app\/index.php?rest_route=\/wp\/v2\/product\/8390","targetHints":{"allow":["GET"]}}],"collection":[{"href":"https:\/\/aramiso-test.verteco.app\/index.php?rest_route=\/wp\/v2\/product"}],"about":[{"href":"https:\/\/aramiso-test.verteco.app\/index.php?rest_route=\/wp\/v2\/types\/product"}],"replies":[{"embeddable":true,"href":"https:\/\/aramiso-test.verteco.app\/index.php?rest_route=%2Fwp%2Fv2%2Fcomments&post=8390"}],"wp:attachment":[{"href":"https:\/\/aramiso-test.verteco.app\/index.php?rest_route=%2Fwp%2Fv2%2Fmedia&parent=8390"}],"wp:term":[{"taxonomy":"product_brand","embeddable":true,"href":"https:\/\/aramiso-test.verteco.app\/index.php?rest_route=%2Fwp%2Fv2%2Fproduct_brand&post=8390"},{"taxonomy":"product_cat","embeddable":true,"href":"https:\/\/aramiso-test.verteco.app\/index.php?rest_route=%2Fwp%2Fv2%2Fproduct_cat&post=8390"},{"taxonomy":"product_tag","embeddable":true,"href":"https:\/\/aramiso-test.verteco.app\/index.php?rest_route=%2Fwp%2Fv2%2Fproduct_tag&post=8390"}],"curies":[{"name":"wp","href":"https:\/\/api.w.org\/{rel}","templated":true}]}}