{"id":8340,"date":"2025-10-26T12:08:47","date_gmt":"2025-10-26T12:08:47","guid":{"rendered":"https:\/\/aramiso-test.verteco.app\/?product=nerezove-zabradlie-na-schody-6000x900mm-vs-l"},"modified":"2025-10-26T12:09:00","modified_gmt":"2025-10-26T12:09:00","slug":"nerezove-zabradlie-na-schody-6000x900mm-vs-l","status":"publish","type":"product","link":"https:\/\/aramiso-test.verteco.app\/?product=nerezove-zabradlie-na-schody-6000x900mm-vs-l","title":{"rendered":"Nerezov\u00e9 z\u00e1bradlie na schody, 6000x900mm, VS, L"},"content":{"rendered":"<p>cNerezov\u00e9 z\u00e1bradl\u00ed na schody pro sv\u00e9pomocnou mont\u00e1\u017e bez nutnosti sva\u0159ov\u00e1n\u00ed. Materi\u00e1ly jsou dod\u00e1v\u00e1ny ve standardn\u00edch d\u00e9lk\u00e1ch, kter\u00e9 jsou nutn\u00e9 p\u0159izp\u016fsobit re\u00e1ln\u00e9 stavebn\u00ed situaci. Mont\u00e1\u017e madla vy\u017eaduje navrt\u00e1n\u00ed z\u00e1vit\u016f. Set neobsahuje kotv\u00edc\u00ed z\u00e1vitov\u00e9 ty\u010de a lepidlo.<\/p>\n","protected":false},"excerpt":{"rendered":"<p>Materi\u00e1l: Nerez AISI 304, Povrchov\u00e1 \u00faprava: Lesk<\/p>\n","protected":false},"featured_media":0,"comment_status":"closed","ping_status":"open","template":"","meta":[],"product_brand":[],"product_cat":[15],"product_tag":[],"class_list":{"0":"post-8340","1":"product","2":"type-product","3":"status-publish","5":"product_cat-uncategorized","7":"first","8":"instock","9":"sale","10":"purchasable","11":"product-type-simple"},"_links":{"self":[{"href":"https:\/\/aramiso-test.verteco.app\/index.php?rest_route=\/wp\/v2\/product\/8340","targetHints":{"allow":["GET"]}}],"collection":[{"href":"https:\/\/aramiso-test.verteco.app\/index.php?rest_route=\/wp\/v2\/product"}],"about":[{"href":"https:\/\/aramiso-test.verteco.app\/index.php?rest_route=\/wp\/v2\/types\/product"}],"replies":[{"embeddable":true,"href":"https:\/\/aramiso-test.verteco.app\/index.php?rest_route=%2Fwp%2Fv2%2Fcomments&post=8340"}],"wp:attachment":[{"href":"https:\/\/aramiso-test.verteco.app\/index.php?rest_route=%2Fwp%2Fv2%2Fmedia&parent=8340"}],"wp:term":[{"taxonomy":"product_brand","embeddable":true,"href":"https:\/\/aramiso-test.verteco.app\/index.php?rest_route=%2Fwp%2Fv2%2Fproduct_brand&post=8340"},{"taxonomy":"product_cat","embeddable":true,"href":"https:\/\/aramiso-test.verteco.app\/index.php?rest_route=%2Fwp%2Fv2%2Fproduct_cat&post=8340"},{"taxonomy":"product_tag","embeddable":true,"href":"https:\/\/aramiso-test.verteco.app\/index.php?rest_route=%2Fwp%2Fv2%2Fproduct_tag&post=8340"}],"curies":[{"name":"wp","href":"https:\/\/api.w.org\/{rel}","templated":true}]}}